{"id":5249,"date":"2020-12-07T14:43:44","date_gmt":"2020-12-07T13:43:44","guid":{"rendered":"https:\/\/www.mycommerce.ch\/?page_id=5249"},"modified":"2020-12-09T12:50:35","modified_gmt":"2020-12-09T11:50:35","slug":"commercializzare","status":"publish","type":"page","link":"https:\/\/www.mycommerce.ch\/it\/commercializzare\/","title":{"rendered":"Commercializzare non \u00e8 mai stato cos\u00ec facile."},"content":{"rendered":"<div class=\"wp-block wp-block-textwithimages has-ls-creme-white-background-color\">\n\t<div class=\"wp-block-textwithimages-inner left-aligned\">\n\t\t\t\t\t<!-- LEFT ALIGNMENT -->\n\t\t\t\n\t\t\t\t<div class=\"wp-block-textwithimages-inner__text\">\n\n\t\t\t\t\t\t\t\t\t\t\t<h3>Fate crescere il vostro fatturato.<\/h3>\n<p>MyCOMMERCE vi offre un\u2019intera gamma di moderni incentivi alla vendita. Che si tratti di buoni, sconti o promozioni basate su eventi: con MyCOMMERCE bastano pochi clic.<\/p>\n\t\t\t\t\t\n\t\t\t\t<\/div>\n\n\t\t\t\t<div class=\"wp-block-textwithimages-inner__images\">\n\n\t\t\t\t\t\t\t\t\t\t\t\n\t\t\t\t\t\t\t<div class=\"swiper-custom-container\">\n\t\t\t\t\t\t\t\t<div class=\"swiper-wrapper\">\n\t\t\t\t\t\t\t\t\t\t\t\t\t\t\t\t\t\t\t<div class=\"swiper-slide\">\n\t\t\t\t\t\t\t\t\t\t\t<figure>\n\t\t\t\t\t\t\t\t\t\t\t\t<img decoding=\"async\" src=\"https:\/\/www.mycommerce.ch\/wp-content\/uploads\/2020\/12\/M6_Promotionen_IT.jpg\" alt=\"Promozioni\" \/>\n\t\t\t\t\t\t\t\t\t\t\t\t<figcaption>Promozioni<\/figcaption>\n\t\t\t\t\t\t\t\t\t\t\t<\/figure>\n\t\t\t\t\t\t\t\t\t\t<\/div>\n\t\t\t\t\t\t\t\t\t\t\t\t\t\t\t\t\t\t\t<div class=\"swiper-slide\">\n\t\t\t\t\t\t\t\t\t\t\t<figure>\n\t\t\t\t\t\t\t\t\t\t\t\t<img decoding=\"async\" src=\"https:\/\/www.mycommerce.ch\/wp-content\/uploads\/2020\/12\/M6_Mengenrabatte_IT.jpg\" alt=\"Sconti quantit\u00e0\" \/>\n\t\t\t\t\t\t\t\t\t\t\t\t<figcaption>Sconti quantit\u00e0<\/figcaption>\n\t\t\t\t\t\t\t\t\t\t\t<\/figure>\n\t\t\t\t\t\t\t\t\t\t<\/div>\n\t\t\t\t\t\t\t\t\t\t\t\t\t\t\t\t\t\t\t<div class=\"swiper-slide\">\n\t\t\t\t\t\t\t\t\t\t\t<figure>\n\t\t\t\t\t\t\t\t\t\t\t\t<img decoding=\"async\" src=\"https:\/\/www.mycommerce.ch\/wp-content\/uploads\/2020\/12\/M6_Vergleichspreise_IT.jpg\" alt=\"Sconti comparativi\" \/>\n\t\t\t\t\t\t\t\t\t\t\t\t<figcaption>Sconti comparativi<\/figcaption>\n\t\t\t\t\t\t\t\t\t\t\t<\/figure>\n\t\t\t\t\t\t\t\t\t\t<\/div>\n\t\t\t\t\t\t\t\t\t\t\t\t\t\t\t\t\t\t\t<div class=\"swiper-slide\">\n\t\t\t\t\t\t\t\t\t\t\t<figure>\n\t\t\t\t\t\t\t\t\t\t\t\t<img decoding=\"async\" src=\"https:\/\/www.mycommerce.ch\/wp-content\/uploads\/2020\/12\/M6_Rabatt-Gutschein_IT.jpg\" alt=\"Buoni sconto\" \/>\n\t\t\t\t\t\t\t\t\t\t\t\t<figcaption>Buoni sconto<\/figcaption>\n\t\t\t\t\t\t\t\t\t\t\t<\/figure>\n\t\t\t\t\t\t\t\t\t\t<\/div>\n\t\t\t\t\t\t\t\t\t\t\t\t\t\t\t\t\t<\/div>\n\t\t\t\t\t\t\t\t<!-- Swiper controls -->\n\t\t\t\t\t\t\t\t<div class=\"swiper-pagination\"><\/div>\n\t\t\t\t\t\t\t\t<div class=\"swiper-button-prev\"><\/div>\n\t\t\t\t\t\t\t\t<div class=\"swiper-button-next\"><\/div>\n\t\t\t\t\t\t\t<\/div>\n\n\t\t\t\t\t\t\t\t\t\t\t\n\t\t\t\t<\/div>\n\n\t\t\t\t<!-- RIGHT ALIGNMENT -->\n\t\t\t\n\t\t\t<\/div>\n<\/div>\n\n\n\n<div style=\"height:36px\" aria-hidden=\"true\" class=\"wp-block-spacer\"><\/div>\n\n\n<div class=\"wp-block wp-block-textwithimages has-ls-creme-white-background-color\">\n\t<div class=\"wp-block-textwithimages-inner \">\n\t\t\t\t\t<!-- LEFT ALIGNMENT -->\n\t\t\t\n\t\t\t\t<div class=\"wp-block-textwithimages-inner__images\">\n\n\t\t\t\t\t\t\t\t\t\t\t\n\t\t\t\t\t\t\t\t\t\t\t\t\t\t<figure>\n\t\t\t\t\t\t\t\t<img decoding=\"async\" src=\"https:\/\/www.mycommerce.ch\/wp-content\/uploads\/2020\/12\/M7_Facebook_IT.jpg\" alt=\"\" \/>\n\t\t\t\t\t\t\t\t<figcaption><\/figcaption>\n\t\t\t\t\t\t\t<\/figure>\n\n\t\t\t\t\t\t\t\t\t\t\t\n\t\t\t\t<\/div>\n\n\t\t\t\t<div class=\"wp-block-textwithimages-inner__text\">\n\t\t\t\t\t\t\t\t\t\t\t<h3>Facebook e MyCOMMERCE, una coppia vincente.<\/h3>\n<p>Facebook viene usato quotidianamente da milioni di utenti. Inserite annunci su Facebook per presentare i vostri prodotti nel newsfeed degli utenti che corrispondono al vostro gruppo target.<\/p>\n<p>MyCOMMERCE vi aiuta a creare annunci professionali per Facebook direttamente dal vostro shop.<\/p>\n\t\t\t\t\t\t\t\t\t<\/div>\n\n\t\t\t\n\t\t\t<\/div>\n<\/div>\n\n\n\n<div style=\"height:36px\" aria-hidden=\"true\" class=\"wp-block-spacer\"><\/div>\n\n\n<div class=\"wp-block wp-block-textwithimages has-ls-creme-white-background-color\">\n\t<div class=\"wp-block-textwithimages-inner left-aligned\">\n\t\t\t\t\t<!-- LEFT ALIGNMENT -->\n\t\t\t\n\t\t\t\t<div class=\"wp-block-textwithimages-inner__text\">\n\n\t\t\t\t\t\t\t\t\t\t\t<h3>Trovate i vostri clienti su Google Shopping.<\/h3>\n<p>Con MyCOMMERCE usufruite di tutti i vantaggi dei Google Shopping Ads. Questi suggeriscono prodotti adeguati ai clienti online interessati. Un clic sul vostro prodotto porta direttamente al vostro shop, dove il cliente pu\u00f2 fare acquisti senza interruzione.<\/p>\n<p>Il vostro account MyCOMMERCE vi consente di visualizzare in qualsiasi momento statistiche sul successo della vostra campagna e di ottimizzarla in tempo reale.<\/p>\n\t\t\t\t\t\n\t\t\t\t<\/div>\n\n\t\t\t\t<div class=\"wp-block-textwithimages-inner__images\">\n\n\t\t\t\t\t\t\t\t\t\t\t\n\t\t\t\t\t\t\t\t\t\t\t\t\t\t<figure>\n\t\t\t\t\t\t\t\t<img decoding=\"async\" src=\"https:\/\/www.mycommerce.ch\/wp-content\/uploads\/2020\/12\/M8_Google_Shopping_IT.jpg\" alt=\"\" \/>\n\t\t\t\t\t\t\t\t<figcaption><\/figcaption>\n\t\t\t\t\t\t\t<\/figure>\n\n\n\t\t\t\t\t\t\t\t\t\t\t\n\t\t\t\t<\/div>\n\n\t\t\t\t<!-- RIGHT ALIGNMENT -->\n\t\t\t\n\t\t\t<\/div>\n<\/div>\n\n\n\n<div style=\"height:36px\" aria-hidden=\"true\" class=\"wp-block-spacer\"><\/div>\n\n\n\n<h2 class=\"wp-block-heading\"><strong>Aprite subito il vostro shop online. Da Free a Professional.<\/strong><\/h2>\n\n\n\n<p>Ogni offerta MyCOMMERCE consiste in uno shop online personalizzabile che pu\u00f2 essere anche integrato facilmente in WordPress, Wix, MyWEBSITE, Facebook, Instagram e molti altri.<\/p>\n\n\n\n<div style=\"height:36px\" aria-hidden=\"true\" class=\"wp-block-spacer\"><\/div>\n\n\n\n<div class=\"wp-block-button\"><a class=\"wp-block-button__link has-ls-shiny-red-background-color has-background\" href=\"https:\/\/www.mycommerce.ch\/it\/offerta\/\">Vai alle offerte<\/a><\/div>\n","protected":false},"excerpt":{"rendered":"Fare pubblicit\u00e0 su Facebook? Promuovere le vendite in modo mirato? O lanciare la vostra propria promozione? A partire da MyCOMMERCE Starter, disponete di tutto il necessario per una commercializzazione ai passi coi tempi dei vostri prodotti sul web.","protected":false},"author":13,"featured_media":0,"parent":0,"menu_order":0,"comment_status":"closed","ping_status":"closed","template":"","meta":{"_acf_changed":false,"footnotes":""},"class_list":["post-5249","page","type-page","status-publish","hentry"],"acf":[],"yoast_head":"<!-- This site is optimized with the Yoast SEO plugin v27.5 - https:\/\/yoast.com\/product\/yoast-seo-wordpress\/ -->\n<title>Commercializzare non \u00e8 mai stato cos\u00ec facile. - MyCommerce<\/title>\n<meta name=\"robots\" content=\"index, follow, max-snippet:-1, max-image-preview:large, max-video-preview:-1\" \/>\n<link rel=\"canonical\" href=\"https:\/\/mycommerce.ch\/it\/commercializzare\/\" \/>\n<meta property=\"og:locale\" content=\"it_IT\" \/>\n<meta property=\"og:type\" content=\"article\" \/>\n<meta property=\"og:title\" content=\"Commercializzare non \u00e8 mai stato cos\u00ec facile. - MyCommerce\" \/>\n<meta property=\"og:description\" content=\"Fare pubblicit\u00e0 su Facebook? Promuovere le vendite in modo mirato? O lanciare la vostra propria promozione? A partire da MyCOMMERCE Starter, disponete di tutto il necessario per una commercializzazione ai passi coi tempi dei vostri prodotti sul web.\" \/>\n<meta property=\"og:url\" content=\"https:\/\/mycommerce.ch\/it\/commercializzare\/\" \/>\n<meta property=\"og:site_name\" content=\"MyCommerce\" \/>\n<meta property=\"article:publisher\" content=\"https:\/\/www.facebook.com\/localsearch1\" \/>\n<meta property=\"article:modified_time\" content=\"2020-12-09T11:50:35+00:00\" \/>\n<meta property=\"og:image\" content=\"https:\/\/www.mycommerce.ch\/wp-content\/uploads\/2019\/07\/MyCOMMERCE_1200x630.png\" \/>\n\t<meta property=\"og:image:width\" content=\"1200\" \/>\n\t<meta property=\"og:image:height\" content=\"630\" \/>\n\t<meta property=\"og:image:type\" content=\"image\/png\" \/>\n<meta name=\"twitter:card\" content=\"summary_large_image\" \/>\n<script type=\"application\/ld+json\" class=\"yoast-schema-graph\">{\"@context\":\"https:\\\/\\\/schema.org\",\"@graph\":[{\"@type\":\"WebPage\",\"@id\":\"https:\\\/\\\/mycommerce.ch\\\/it\\\/commercializzare\\\/\",\"url\":\"https:\\\/\\\/mycommerce.ch\\\/it\\\/commercializzare\\\/\",\"name\":\"Commercializzare non \u00e8 mai stato cos\u00ec facile. - MyCommerce\",\"isPartOf\":{\"@id\":\"https:\\\/\\\/mycommerce.ch\\\/#website\"},\"datePublished\":\"2020-12-07T13:43:44+00:00\",\"dateModified\":\"2020-12-09T11:50:35+00:00\",\"breadcrumb\":{\"@id\":\"https:\\\/\\\/mycommerce.ch\\\/it\\\/commercializzare\\\/#breadcrumb\"},\"inLanguage\":\"it-IT\",\"potentialAction\":[{\"@type\":\"ReadAction\",\"target\":[\"https:\\\/\\\/mycommerce.ch\\\/it\\\/commercializzare\\\/\"]}]},{\"@type\":\"BreadcrumbList\",\"@id\":\"https:\\\/\\\/mycommerce.ch\\\/it\\\/commercializzare\\\/#breadcrumb\",\"itemListElement\":[{\"@type\":\"ListItem\",\"position\":1,\"name\":\"Startseite\",\"item\":\"https:\\\/\\\/www.mycommerce.ch\\\/it\\\/\"},{\"@type\":\"ListItem\",\"position\":2,\"name\":\"Commercializzare non \u00e8 mai stato cos\u00ec facile.\"}]},{\"@type\":\"WebSite\",\"@id\":\"https:\\\/\\\/mycommerce.ch\\\/#website\",\"url\":\"https:\\\/\\\/mycommerce.ch\\\/\",\"name\":\"MyCOMMERCE - Erstellen Sie Ihren eigenen Oline Shop\",\"description\":\"by Localsearch\",\"publisher\":{\"@id\":\"https:\\\/\\\/mycommerce.ch\\\/#organization\"},\"potentialAction\":[{\"@type\":\"SearchAction\",\"target\":{\"@type\":\"EntryPoint\",\"urlTemplate\":\"https:\\\/\\\/mycommerce.ch\\\/?s={search_term_string}\"},\"query-input\":{\"@type\":\"PropertyValueSpecification\",\"valueRequired\":true,\"valueName\":\"search_term_string\"}}],\"inLanguage\":\"it-IT\"},{\"@type\":\"Organization\",\"@id\":\"https:\\\/\\\/mycommerce.ch\\\/#organization\",\"name\":\"localsearch\",\"url\":\"https:\\\/\\\/mycommerce.ch\\\/\",\"logo\":{\"@type\":\"ImageObject\",\"inLanguage\":\"it-IT\",\"@id\":\"https:\\\/\\\/mycommerce.ch\\\/#\\\/schema\\\/logo\\\/image\\\/\",\"url\":\"https:\\\/\\\/www.mycommerce.ch\\\/wp-content\\\/uploads\\\/2019\\\/07\\\/localsearch_logo_left_RGB7.png\",\"contentUrl\":\"https:\\\/\\\/www.mycommerce.ch\\\/wp-content\\\/uploads\\\/2019\\\/07\\\/localsearch_logo_left_RGB7.png\",\"width\":2560,\"height\":1100,\"caption\":\"localsearch\"},\"image\":{\"@id\":\"https:\\\/\\\/mycommerce.ch\\\/#\\\/schema\\\/logo\\\/image\\\/\"},\"sameAs\":[\"https:\\\/\\\/www.facebook.com\\\/localsearch1\",\"https:\\\/\\\/www.instagram.com\\\/mycommerce.ch\\\/\",\"https:\\\/\\\/www.linkedin.com\\\/company\\\/localsearch1\\\/\"]}]}<\/script>\n<!-- \/ Yoast SEO plugin. -->","yoast_head_json":{"title":"Commercializzare non \u00e8 mai stato cos\u00ec facile. - MyCommerce","robots":{"index":"index","follow":"follow","max-snippet":"max-snippet:-1","max-image-preview":"max-image-preview:large","max-video-preview":"max-video-preview:-1"},"canonical":"https:\/\/mycommerce.ch\/it\/commercializzare\/","og_locale":"it_IT","og_type":"article","og_title":"Commercializzare non \u00e8 mai stato cos\u00ec facile. - MyCommerce","og_description":"Fare pubblicit\u00e0 su Facebook? Promuovere le vendite in modo mirato? O lanciare la vostra propria promozione? A partire da MyCOMMERCE Starter, disponete di tutto il necessario per una commercializzazione ai passi coi tempi dei vostri prodotti sul web.","og_url":"https:\/\/mycommerce.ch\/it\/commercializzare\/","og_site_name":"MyCommerce","article_publisher":"https:\/\/www.facebook.com\/localsearch1","article_modified_time":"2020-12-09T11:50:35+00:00","og_image":[{"width":1200,"height":630,"url":"https:\/\/www.mycommerce.ch\/wp-content\/uploads\/2019\/07\/MyCOMMERCE_1200x630.png","type":"image\/png"}],"twitter_card":"summary_large_image","schema":{"@context":"https:\/\/schema.org","@graph":[{"@type":"WebPage","@id":"https:\/\/mycommerce.ch\/it\/commercializzare\/","url":"https:\/\/mycommerce.ch\/it\/commercializzare\/","name":"Commercializzare non \u00e8 mai stato cos\u00ec facile. - MyCommerce","isPartOf":{"@id":"https:\/\/mycommerce.ch\/#website"},"datePublished":"2020-12-07T13:43:44+00:00","dateModified":"2020-12-09T11:50:35+00:00","breadcrumb":{"@id":"https:\/\/mycommerce.ch\/it\/commercializzare\/#breadcrumb"},"inLanguage":"it-IT","potentialAction":[{"@type":"ReadAction","target":["https:\/\/mycommerce.ch\/it\/commercializzare\/"]}]},{"@type":"BreadcrumbList","@id":"https:\/\/mycommerce.ch\/it\/commercializzare\/#breadcrumb","itemListElement":[{"@type":"ListItem","position":1,"name":"Startseite","item":"https:\/\/www.mycommerce.ch\/it\/"},{"@type":"ListItem","position":2,"name":"Commercializzare non \u00e8 mai stato cos\u00ec facile."}]},{"@type":"WebSite","@id":"https:\/\/mycommerce.ch\/#website","url":"https:\/\/mycommerce.ch\/","name":"MyCOMMERCE - Erstellen Sie Ihren eigenen Oline Shop","description":"by Localsearch","publisher":{"@id":"https:\/\/mycommerce.ch\/#organization"},"potentialAction":[{"@type":"SearchAction","target":{"@type":"EntryPoint","urlTemplate":"https:\/\/mycommerce.ch\/?s={search_term_string}"},"query-input":{"@type":"PropertyValueSpecification","valueRequired":true,"valueName":"search_term_string"}}],"inLanguage":"it-IT"},{"@type":"Organization","@id":"https:\/\/mycommerce.ch\/#organization","name":"localsearch","url":"https:\/\/mycommerce.ch\/","logo":{"@type":"ImageObject","inLanguage":"it-IT","@id":"https:\/\/mycommerce.ch\/#\/schema\/logo\/image\/","url":"https:\/\/www.mycommerce.ch\/wp-content\/uploads\/2019\/07\/localsearch_logo_left_RGB7.png","contentUrl":"https:\/\/www.mycommerce.ch\/wp-content\/uploads\/2019\/07\/localsearch_logo_left_RGB7.png","width":2560,"height":1100,"caption":"localsearch"},"image":{"@id":"https:\/\/mycommerce.ch\/#\/schema\/logo\/image\/"},"sameAs":["https:\/\/www.facebook.com\/localsearch1","https:\/\/www.instagram.com\/mycommerce.ch\/","https:\/\/www.linkedin.com\/company\/localsearch1\/"]}]}},"_links":{"self":[{"href":"https:\/\/www.mycommerce.ch\/it\/wp-json\/wp\/v2\/pages\/5249","targetHints":{"allow":["GET"]}}],"collection":[{"href":"https:\/\/www.mycommerce.ch\/it\/wp-json\/wp\/v2\/pages"}],"about":[{"href":"https:\/\/www.mycommerce.ch\/it\/wp-json\/wp\/v2\/types\/page"}],"author":[{"embeddable":true,"href":"https:\/\/www.mycommerce.ch\/it\/wp-json\/wp\/v2\/users\/13"}],"replies":[{"embeddable":true,"href":"https:\/\/www.mycommerce.ch\/it\/wp-json\/wp\/v2\/comments?post=5249"}],"version-history":[{"count":0,"href":"https:\/\/www.mycommerce.ch\/it\/wp-json\/wp\/v2\/pages\/5249\/revisions"}],"wp:attachment":[{"href":"https:\/\/www.mycommerce.ch\/it\/wp-json\/wp\/v2\/media?parent=5249"}],"curies":[{"name":"wp","href":"https:\/\/api.w.org\/{rel}","templated":true}]}}