{"id":2210,"date":"2019-12-18T12:18:30","date_gmt":"2019-12-18T11:18:30","guid":{"rendered":"https:\/\/www.mycommerce.ch\/?page_id=2210"},"modified":"2020-01-30T14:46:21","modified_gmt":"2020-01-30T13:46:21","slug":"commercialiser-na-jamais-ete-aussi-simple","status":"publish","type":"page","link":"https:\/\/www.mycommerce.ch\/fr\/commercialiser-na-jamais-ete-aussi-simple\/","title":{"rendered":"Commercialiser n\u2019a jamais \u00e9t\u00e9 aussi simple."},"content":{"rendered":"<div class=\"wp-block wp-block-textwithimages has-ls-creme-white-background-color\">\n\t<div class=\"wp-block-textwithimages-inner left-aligned\">\n\t\t\t\t\t<!-- LEFT ALIGNMENT -->\n\t\t\t\n\t\t\t\t<div class=\"wp-block-textwithimages-inner__text\">\n\n\t\t\t\t\t\t\t\t\t\t\t<h3>Augmentez votre chiffre d\u2019affaires.<\/h3>\n<p>MyCOMMERCE vous propose tout pour une promotion moderne des ventes. Bons, rabais ou \u00e9v\u00e9nements promotionnels\u00a0: gr\u00e2ce \u00e0 MyCOMMERCE, quelques clics suffisent.<\/p>\n\t\t\t\t\t\n\t\t\t\t<\/div>\n\n\t\t\t\t<div class=\"wp-block-textwithimages-inner__images\">\n\n\t\t\t\t\t\t\t\t\t\t\t\n\t\t\t\t\t\t\t<div class=\"swiper-custom-container\">\n\t\t\t\t\t\t\t\t<div class=\"swiper-wrapper\">\n\t\t\t\t\t\t\t\t\t\t\t\t\t\t\t\t\t\t\t<div class=\"swiper-slide\">\n\t\t\t\t\t\t\t\t\t\t\t<figure>\n\t\t\t\t\t\t\t\t\t\t\t\t<img decoding=\"async\" src=\"https:\/\/www.mycommerce.ch\/wp-content\/uploads\/2019\/11\/M6_Promotionen.jpg\" alt=\"Promotions\" \/>\n\t\t\t\t\t\t\t\t\t\t\t\t<figcaption>Promotions<\/figcaption>\n\t\t\t\t\t\t\t\t\t\t\t<\/figure>\n\t\t\t\t\t\t\t\t\t\t<\/div>\n\t\t\t\t\t\t\t\t\t\t\t\t\t\t\t\t\t\t\t<div class=\"swiper-slide\">\n\t\t\t\t\t\t\t\t\t\t\t<figure>\n\t\t\t\t\t\t\t\t\t\t\t\t<img decoding=\"async\" src=\"https:\/\/www.mycommerce.ch\/wp-content\/uploads\/2019\/12\/M6_Mengenrabatte_FR.jpg\" alt=\"Rabais de volume\" \/>\n\t\t\t\t\t\t\t\t\t\t\t\t<figcaption>Rabais de volume<\/figcaption>\n\t\t\t\t\t\t\t\t\t\t\t<\/figure>\n\t\t\t\t\t\t\t\t\t\t<\/div>\n\t\t\t\t\t\t\t\t\t\t\t\t\t\t\t\t\t\t\t<div class=\"swiper-slide\">\n\t\t\t\t\t\t\t\t\t\t\t<figure>\n\t\t\t\t\t\t\t\t\t\t\t\t<img decoding=\"async\" src=\"https:\/\/www.mycommerce.ch\/wp-content\/uploads\/2019\/11\/M6_Vergleichspreise.jpg\" alt=\"Rabais comparatifs\" \/>\n\t\t\t\t\t\t\t\t\t\t\t\t<figcaption>Rabais comparatifs<\/figcaption>\n\t\t\t\t\t\t\t\t\t\t\t<\/figure>\n\t\t\t\t\t\t\t\t\t\t<\/div>\n\t\t\t\t\t\t\t\t\t\t\t\t\t\t\t\t\t\t\t<div class=\"swiper-slide\">\n\t\t\t\t\t\t\t\t\t\t\t<figure>\n\t\t\t\t\t\t\t\t\t\t\t\t<img decoding=\"async\" src=\"https:\/\/www.mycommerce.ch\/wp-content\/uploads\/2019\/11\/M6_Rabatt-Gutschein.jpg\" alt=\"Bons de r\u00e9duction\" \/>\n\t\t\t\t\t\t\t\t\t\t\t\t<figcaption>Bons de r\u00e9duction<\/figcaption>\n\t\t\t\t\t\t\t\t\t\t\t<\/figure>\n\t\t\t\t\t\t\t\t\t\t<\/div>\n\t\t\t\t\t\t\t\t\t\t\t\t\t\t\t\t\t<\/div>\n\t\t\t\t\t\t\t\t<!-- Swiper controls -->\n\t\t\t\t\t\t\t\t<div class=\"swiper-pagination\"><\/div>\n\t\t\t\t\t\t\t\t<div class=\"swiper-button-prev\"><\/div>\n\t\t\t\t\t\t\t\t<div class=\"swiper-button-next\"><\/div>\n\t\t\t\t\t\t\t<\/div>\n\n\t\t\t\t\t\t\t\t\t\t\t\n\t\t\t\t<\/div>\n\n\t\t\t\t<!-- RIGHT ALIGNMENT -->\n\t\t\t\n\t\t\t<\/div>\n<\/div>\n\n\n\n<div style=\"height:36px\" aria-hidden=\"true\" class=\"wp-block-spacer\"><\/div>\n\n\n<div class=\"wp-block wp-block-textwithimages has-ls-creme-white-background-color\">\n\t<div class=\"wp-block-textwithimages-inner \">\n\t\t\t\t\t<!-- LEFT ALIGNMENT -->\n\t\t\t\n\t\t\t\t<div class=\"wp-block-textwithimages-inner__images\">\n\n\t\t\t\t\t\t\t\t\t\t\t\n\t\t\t\t\t\t\t\t\t\t\t\t\t\t<figure>\n\t\t\t\t\t\t\t\t<img decoding=\"async\" src=\"https:\/\/www.mycommerce.ch\/wp-content\/uploads\/2020\/01\/M7_Facebook.jpg\" alt=\"\" \/>\n\t\t\t\t\t\t\t\t<figcaption><\/figcaption>\n\t\t\t\t\t\t\t<\/figure>\n\n\t\t\t\t\t\t\t\t\t\t\t\n\t\t\t\t<\/div>\n\n\t\t\t\t<div class=\"wp-block-textwithimages-inner__text\">\n\t\t\t\t\t\t\t\t\t\t\t<h3>Facebook et MyCOMMERCE, un super duo<\/h3>\n<p>Facebook est consult\u00e9 chaque jour par des millions de personnes. Pr\u00e9sentez vos produits sur Facebook dans le fil d\u2019actualit\u00e9 des utilisatrices et utilisateurs qui correspondent \u00e0 votre groupe cible.<\/p>\n<p>MyCOMMERCE vous aide \u00e0 cr\u00e9er des annonces Facebook professionnelles directement depuis votre boutique.<\/p>\n\t\t\t\t\t\t\t\t\t<\/div>\n\n\t\t\t\n\t\t\t<\/div>\n<\/div>\n\n\n\n<div style=\"height:36px\" aria-hidden=\"true\" class=\"wp-block-spacer\"><\/div>\n\n\n<div class=\"wp-block wp-block-textwithimages has-ls-creme-white-background-color\">\n\t<div class=\"wp-block-textwithimages-inner left-aligned\">\n\t\t\t\t\t<!-- LEFT ALIGNMENT -->\n\t\t\t\n\t\t\t\t<div class=\"wp-block-textwithimages-inner__text\">\n\n\t\t\t\t\t\t\t\t\t\t\t<h3>Prospectez sur Google Shopping.<\/h3>\n<p>Avec MyCOMMERCE, vous b\u00e9n\u00e9ficiez de tous les avantages de Google Shopping Ads. Ces publicit\u00e9s proposent des produits ad\u00e9quats aux clients en ligne int\u00e9ress\u00e9s. Un clic sur votre produit conduit directement \u00e0 votre boutique, o\u00f9 le client peut effectuer directement son achat.<\/p>\n<p>Votre compte MyCOMMERCE vous propose diverses statistiques pour \u00e9valuer le succ\u00e8s de votre campagne et l\u2019optimiser en temps r\u00e9el.<\/p>\n\t\t\t\t\t\n\t\t\t\t<\/div>\n\n\t\t\t\t<div class=\"wp-block-textwithimages-inner__images\">\n\n\t\t\t\t\t\t\t\t\t\t\t\n\t\t\t\t\t\t\t\t\t\t\t\t\t\t<figure>\n\t\t\t\t\t\t\t\t<img decoding=\"async\" src=\"https:\/\/www.mycommerce.ch\/wp-content\/uploads\/2019\/12\/M8_Google_Shopping_FR.jpg\" alt=\"\" \/>\n\t\t\t\t\t\t\t\t<figcaption><\/figcaption>\n\t\t\t\t\t\t\t<\/figure>\n\n\n\t\t\t\t\t\t\t\t\t\t\t\n\t\t\t\t<\/div>\n\n\t\t\t\t<!-- RIGHT ALIGNMENT -->\n\t\t\t\n\t\t\t<\/div>\n<\/div>\n\n\n\n<div style=\"height:36px\" aria-hidden=\"true\" class=\"wp-block-spacer\"><\/div>\n\n\n\n<h2 class=\"wp-block-heading\">Ouvrez maintenant votre boutique en ligne. De Free \u00e0 Professional.<\/h2>\n\n\n\n<p>Toutes les offres MyCOMMERCE incluent une boutique en ligne personnalisable, qui peut aussi ais\u00e9ment \u00eatre int\u00e9gr\u00e9e \u00e0 WordPress, Wix, MyWEBSITE, Facebook, Instagram et bien d\u2019autres plateformes.<\/p>\n\n\n\n<div style=\"height:36px\" aria-hidden=\"true\" class=\"wp-block-spacer\"><\/div>\n\n\n\n<div class=\"wp-block-button\"><a class=\"wp-block-button__link has-background has-ls-shiny-red-background-color\" href=\"https:\/\/www.mycommerce.ch\/fr\">Vers les offres<\/a><\/div>\n","protected":false},"excerpt":{"rendered":"Une publicit\u00e9 sur Facebook\u00a0? Une promotion cibl\u00e9e des ventes\u00a0? Ou votre propre promotion\u00a0?<br>D\u00e8s MyCOMMERCE\u00a0Starter, vous avez tout ce qu\u2019il vous faut pour commercialiser efficacement vos produits sur le web.","protected":false},"author":13,"featured_media":0,"parent":0,"menu_order":0,"comment_status":"closed","ping_status":"closed","template":"","meta":{"_acf_changed":false,"footnotes":""},"class_list":["post-2210","page","type-page","status-publish","hentry"],"acf":[],"yoast_head":"<!-- This site is optimized with the Yoast SEO plugin v27.4 - https:\/\/yoast.com\/product\/yoast-seo-wordpress\/ -->\n<title>Commercialiser n\u2019a jamais \u00e9t\u00e9 aussi simple. - MyCommerce<\/title>\n<meta name=\"description\" content=\"Une publicit\u00e9 sur Facebook\u00a0? Une promotion cibl\u00e9e des ventes\u00a0? D\u00e8s MyCOMMERCE, vous avez tout ce qu\u2019il vous faut pour commercialiser efficacement vos produits sur le web.\" \/>\n<meta name=\"robots\" content=\"index, follow, max-snippet:-1, max-image-preview:large, max-video-preview:-1\" \/>\n<link rel=\"canonical\" href=\"https:\/\/mycommerce.ch\/fr\/commercialiser-na-jamais-ete-aussi-simple\/\" \/>\n<meta property=\"og:locale\" content=\"fr_FR\" \/>\n<meta property=\"og:type\" content=\"article\" \/>\n<meta property=\"og:title\" content=\"Commercialiser n\u2019a jamais \u00e9t\u00e9 aussi simple. - MyCommerce\" \/>\n<meta property=\"og:description\" content=\"Une publicit\u00e9 sur Facebook\u00a0? Une promotion cibl\u00e9e des ventes\u00a0? D\u00e8s MyCOMMERCE, vous avez tout ce qu\u2019il vous faut pour commercialiser efficacement vos produits sur le web.\" \/>\n<meta property=\"og:url\" content=\"https:\/\/mycommerce.ch\/fr\/commercialiser-na-jamais-ete-aussi-simple\/\" \/>\n<meta property=\"og:site_name\" content=\"MyCommerce\" \/>\n<meta property=\"article:publisher\" content=\"https:\/\/www.facebook.com\/localsearch1\" \/>\n<meta property=\"article:modified_time\" content=\"2020-01-30T13:46:21+00:00\" \/>\n<meta property=\"og:image\" content=\"https:\/\/www.mycommerce.ch\/wp-content\/uploads\/2019\/07\/MyCOMMERCE_1200x630.png\" \/>\n\t<meta property=\"og:image:width\" content=\"1200\" \/>\n\t<meta property=\"og:image:height\" content=\"630\" \/>\n\t<meta property=\"og:image:type\" content=\"image\/png\" \/>\n<meta name=\"twitter:card\" content=\"summary_large_image\" \/>\n<script type=\"application\/ld+json\" class=\"yoast-schema-graph\">{\"@context\":\"https:\\\/\\\/schema.org\",\"@graph\":[{\"@type\":\"WebPage\",\"@id\":\"https:\\\/\\\/mycommerce.ch\\\/fr\\\/commercialiser-na-jamais-ete-aussi-simple\\\/\",\"url\":\"https:\\\/\\\/mycommerce.ch\\\/fr\\\/commercialiser-na-jamais-ete-aussi-simple\\\/\",\"name\":\"Commercialiser n\u2019a jamais \u00e9t\u00e9 aussi simple. - MyCommerce\",\"isPartOf\":{\"@id\":\"https:\\\/\\\/mycommerce.ch\\\/#website\"},\"datePublished\":\"2019-12-18T11:18:30+00:00\",\"dateModified\":\"2020-01-30T13:46:21+00:00\",\"description\":\"Une publicit\u00e9 sur Facebook\u00a0? Une promotion cibl\u00e9e des ventes\u00a0? D\u00e8s MyCOMMERCE, vous avez tout ce qu\u2019il vous faut pour commercialiser efficacement vos produits sur le web.\",\"breadcrumb\":{\"@id\":\"https:\\\/\\\/mycommerce.ch\\\/fr\\\/commercialiser-na-jamais-ete-aussi-simple\\\/#breadcrumb\"},\"inLanguage\":\"fr-FR\",\"potentialAction\":[{\"@type\":\"ReadAction\",\"target\":[\"https:\\\/\\\/mycommerce.ch\\\/fr\\\/commercialiser-na-jamais-ete-aussi-simple\\\/\"]}]},{\"@type\":\"BreadcrumbList\",\"@id\":\"https:\\\/\\\/mycommerce.ch\\\/fr\\\/commercialiser-na-jamais-ete-aussi-simple\\\/#breadcrumb\",\"itemListElement\":[{\"@type\":\"ListItem\",\"position\":1,\"name\":\"Startseite\",\"item\":\"https:\\\/\\\/www.mycommerce.ch\\\/fr\\\/\"},{\"@type\":\"ListItem\",\"position\":2,\"name\":\"Commercialiser n\u2019a jamais \u00e9t\u00e9 aussi simple.\"}]},{\"@type\":\"WebSite\",\"@id\":\"https:\\\/\\\/mycommerce.ch\\\/#website\",\"url\":\"https:\\\/\\\/mycommerce.ch\\\/\",\"name\":\"MyCOMMERCE - Erstellen Sie Ihren eigenen Oline Shop\",\"description\":\"by Localsearch\",\"publisher\":{\"@id\":\"https:\\\/\\\/mycommerce.ch\\\/#organization\"},\"potentialAction\":[{\"@type\":\"SearchAction\",\"target\":{\"@type\":\"EntryPoint\",\"urlTemplate\":\"https:\\\/\\\/mycommerce.ch\\\/?s={search_term_string}\"},\"query-input\":{\"@type\":\"PropertyValueSpecification\",\"valueRequired\":true,\"valueName\":\"search_term_string\"}}],\"inLanguage\":\"fr-FR\"},{\"@type\":\"Organization\",\"@id\":\"https:\\\/\\\/mycommerce.ch\\\/#organization\",\"name\":\"localsearch\",\"url\":\"https:\\\/\\\/mycommerce.ch\\\/\",\"logo\":{\"@type\":\"ImageObject\",\"inLanguage\":\"fr-FR\",\"@id\":\"https:\\\/\\\/mycommerce.ch\\\/#\\\/schema\\\/logo\\\/image\\\/\",\"url\":\"https:\\\/\\\/www.mycommerce.ch\\\/wp-content\\\/uploads\\\/2019\\\/07\\\/localsearch_logo_left_RGB7.png\",\"contentUrl\":\"https:\\\/\\\/www.mycommerce.ch\\\/wp-content\\\/uploads\\\/2019\\\/07\\\/localsearch_logo_left_RGB7.png\",\"width\":2560,\"height\":1100,\"caption\":\"localsearch\"},\"image\":{\"@id\":\"https:\\\/\\\/mycommerce.ch\\\/#\\\/schema\\\/logo\\\/image\\\/\"},\"sameAs\":[\"https:\\\/\\\/www.facebook.com\\\/localsearch1\",\"https:\\\/\\\/www.instagram.com\\\/mycommerce.ch\\\/\",\"https:\\\/\\\/www.linkedin.com\\\/company\\\/localsearch1\\\/\"]}]}<\/script>\n<!-- \/ Yoast SEO plugin. -->","yoast_head_json":{"title":"Commercialiser n\u2019a jamais \u00e9t\u00e9 aussi simple. - MyCommerce","description":"Une publicit\u00e9 sur Facebook\u00a0? Une promotion cibl\u00e9e des ventes\u00a0? D\u00e8s MyCOMMERCE, vous avez tout ce qu\u2019il vous faut pour commercialiser efficacement vos produits sur le web.","robots":{"index":"index","follow":"follow","max-snippet":"max-snippet:-1","max-image-preview":"max-image-preview:large","max-video-preview":"max-video-preview:-1"},"canonical":"https:\/\/mycommerce.ch\/fr\/commercialiser-na-jamais-ete-aussi-simple\/","og_locale":"fr_FR","og_type":"article","og_title":"Commercialiser n\u2019a jamais \u00e9t\u00e9 aussi simple. - MyCommerce","og_description":"Une publicit\u00e9 sur Facebook\u00a0? Une promotion cibl\u00e9e des ventes\u00a0? D\u00e8s MyCOMMERCE, vous avez tout ce qu\u2019il vous faut pour commercialiser efficacement vos produits sur le web.","og_url":"https:\/\/mycommerce.ch\/fr\/commercialiser-na-jamais-ete-aussi-simple\/","og_site_name":"MyCommerce","article_publisher":"https:\/\/www.facebook.com\/localsearch1","article_modified_time":"2020-01-30T13:46:21+00:00","og_image":[{"width":1200,"height":630,"url":"https:\/\/www.mycommerce.ch\/wp-content\/uploads\/2019\/07\/MyCOMMERCE_1200x630.png","type":"image\/png"}],"twitter_card":"summary_large_image","schema":{"@context":"https:\/\/schema.org","@graph":[{"@type":"WebPage","@id":"https:\/\/mycommerce.ch\/fr\/commercialiser-na-jamais-ete-aussi-simple\/","url":"https:\/\/mycommerce.ch\/fr\/commercialiser-na-jamais-ete-aussi-simple\/","name":"Commercialiser n\u2019a jamais \u00e9t\u00e9 aussi simple. - MyCommerce","isPartOf":{"@id":"https:\/\/mycommerce.ch\/#website"},"datePublished":"2019-12-18T11:18:30+00:00","dateModified":"2020-01-30T13:46:21+00:00","description":"Une publicit\u00e9 sur Facebook\u00a0? Une promotion cibl\u00e9e des ventes\u00a0? D\u00e8s MyCOMMERCE, vous avez tout ce qu\u2019il vous faut pour commercialiser efficacement vos produits sur le web.","breadcrumb":{"@id":"https:\/\/mycommerce.ch\/fr\/commercialiser-na-jamais-ete-aussi-simple\/#breadcrumb"},"inLanguage":"fr-FR","potentialAction":[{"@type":"ReadAction","target":["https:\/\/mycommerce.ch\/fr\/commercialiser-na-jamais-ete-aussi-simple\/"]}]},{"@type":"BreadcrumbList","@id":"https:\/\/mycommerce.ch\/fr\/commercialiser-na-jamais-ete-aussi-simple\/#breadcrumb","itemListElement":[{"@type":"ListItem","position":1,"name":"Startseite","item":"https:\/\/www.mycommerce.ch\/fr\/"},{"@type":"ListItem","position":2,"name":"Commercialiser n\u2019a jamais \u00e9t\u00e9 aussi simple."}]},{"@type":"WebSite","@id":"https:\/\/mycommerce.ch\/#website","url":"https:\/\/mycommerce.ch\/","name":"MyCOMMERCE - Erstellen Sie Ihren eigenen Oline Shop","description":"by Localsearch","publisher":{"@id":"https:\/\/mycommerce.ch\/#organization"},"potentialAction":[{"@type":"SearchAction","target":{"@type":"EntryPoint","urlTemplate":"https:\/\/mycommerce.ch\/?s={search_term_string}"},"query-input":{"@type":"PropertyValueSpecification","valueRequired":true,"valueName":"search_term_string"}}],"inLanguage":"fr-FR"},{"@type":"Organization","@id":"https:\/\/mycommerce.ch\/#organization","name":"localsearch","url":"https:\/\/mycommerce.ch\/","logo":{"@type":"ImageObject","inLanguage":"fr-FR","@id":"https:\/\/mycommerce.ch\/#\/schema\/logo\/image\/","url":"https:\/\/www.mycommerce.ch\/wp-content\/uploads\/2019\/07\/localsearch_logo_left_RGB7.png","contentUrl":"https:\/\/www.mycommerce.ch\/wp-content\/uploads\/2019\/07\/localsearch_logo_left_RGB7.png","width":2560,"height":1100,"caption":"localsearch"},"image":{"@id":"https:\/\/mycommerce.ch\/#\/schema\/logo\/image\/"},"sameAs":["https:\/\/www.facebook.com\/localsearch1","https:\/\/www.instagram.com\/mycommerce.ch\/","https:\/\/www.linkedin.com\/company\/localsearch1\/"]}]}},"_links":{"self":[{"href":"https:\/\/www.mycommerce.ch\/fr\/wp-json\/wp\/v2\/pages\/2210","targetHints":{"allow":["GET"]}}],"collection":[{"href":"https:\/\/www.mycommerce.ch\/fr\/wp-json\/wp\/v2\/pages"}],"about":[{"href":"https:\/\/www.mycommerce.ch\/fr\/wp-json\/wp\/v2\/types\/page"}],"author":[{"embeddable":true,"href":"https:\/\/www.mycommerce.ch\/fr\/wp-json\/wp\/v2\/users\/13"}],"replies":[{"embeddable":true,"href":"https:\/\/www.mycommerce.ch\/fr\/wp-json\/wp\/v2\/comments?post=2210"}],"version-history":[{"count":0,"href":"https:\/\/www.mycommerce.ch\/fr\/wp-json\/wp\/v2\/pages\/2210\/revisions"}],"wp:attachment":[{"href":"https:\/\/www.mycommerce.ch\/fr\/wp-json\/wp\/v2\/media?parent=2210"}],"curies":[{"name":"wp","href":"https:\/\/api.w.org\/{rel}","templated":true}]}}