{"id":2198,"date":"2019-12-18T12:09:18","date_gmt":"2019-12-18T11:09:18","guid":{"rendered":"https:\/\/www.mycommerce.ch\/?page_id=2198"},"modified":"2020-10-21T15:47:58","modified_gmt":"2020-10-21T13:47:58","slug":"vendre-simplement-partout","status":"publish","type":"page","link":"https:\/\/www.mycommerce.ch\/fr\/vendre-simplement-partout\/","title":{"rendered":"Vendre simplement partout."},"content":{"rendered":"<div class=\"wp-block wp-block-textwithimages has-ls-creme-white-background-color\">\n\t<div class=\"wp-block-textwithimages-inner left-aligned\">\n\t\t\t\t\t<!-- LEFT ALIGNMENT -->\n\t\t\t\n\t\t\t\t<div class=\"wp-block-textwithimages-inner__text\">\n\n\t\t\t\t\t\t\t\t\t\t\t<h2>Ouvrir votre boutique\u00a0: avec ou sans votre propre site web.<\/h2>\n<p>Avez-vous d\u00e9j\u00e0 un site web, mais pas encore de boutique ? Voulez-vous une boutique, mais pas forc\u00e9ment tout un site ?<\/p>\n<p>MyCOMMERCE est la solution id\u00e9ale dans les deux cas. Soit vous int\u00e9grez votre boutique \u00e0 votre site web existant ou \u00e0 cr\u00e9er, soit vous utilisez la page d\u2019accueil offerte par MyCOMMERCE \u00e0 cet effet.<\/p>\n<p><a class=\"button red\" title=\"mycdemo.mycommerce.shop\" href=\"https:\/\/demo-fr.mycommerce.shop\/\" target=\"_blank\" rel=\"noopener\" data-gtm_action=\"\" data-gtm_category=\"\" data-gtm_label=\"\" data-gtm_value=\"\">Vers la boutique de d\u00e9monstration<\/a><\/p>\n\t\t\t\t\t\n\t\t\t\t<\/div>\n\n\t\t\t\t<div class=\"wp-block-textwithimages-inner__images\">\n\n\t\t\t\t\t\t\t\t\t\t\t\n\t\t\t\t\t\t\t\t\t\t\t\t\t\t<figure>\n\t\t\t\t\t\t\t\t<img decoding=\"async\" src=\"https:\/\/www.mycommerce.ch\/wp-content\/uploads\/2019\/12\/M9_Starterseite_FR-1.jpg\" alt=\"\" \/>\n\t\t\t\t\t\t\t\t<figcaption><\/figcaption>\n\t\t\t\t\t\t\t<\/figure>\n\n\n\t\t\t\t\t\t\t\t\t\t\t\n\t\t\t\t<\/div>\n\n\t\t\t\t<!-- RIGHT ALIGNMENT -->\n\t\t\t\n\t\t\t<\/div>\n<\/div>\n\n\n\n<div style=\"height:36px\" aria-hidden=\"true\" class=\"wp-block-spacer\"><\/div>\n\n\n<div class=\"wp-block wp-block-textwithimages has-ls-blue-sky-v-2-background-color\">\n\t<div class=\"wp-block-textwithimages-inner \">\n\t\t\t\t\t<!-- LEFT ALIGNMENT -->\n\t\t\t\n\t\t\t\t<div class=\"wp-block-textwithimages-inner__images\">\n\n\t\t\t\t\t\t\t\t\t\t\t\n\t\t\t\t\t\t\t\t\t\t\t\t\t\t<figure>\n\t\t\t\t\t\t\t\t<img decoding=\"async\" src=\"https:\/\/www.mycommerce.ch\/wp-content\/uploads\/2020\/08\/Payrexx_Detailpage.png\" alt=\"\" \/>\n\t\t\t\t\t\t\t\t<figcaption><\/figcaption>\n\t\t\t\t\t\t\t<\/figure>\n\n\t\t\t\t\t\t\t\t\t\t\t\n\t\t\t\t<\/div>\n\n\t\t\t\t<div class=\"wp-block-textwithimages-inner__text\">\n\t\t\t\t\t\t\t\t\t\t\t<h2>Laissez vos clients payer comme ils le souhaitent.<\/h2>\n<p>Avec Payrexx, MyCOMMERCE facilite l\u2019int\u00e9gration confortable des principaux prestataires de paiement. D\u2019un seul tenant. Vous obtiendrez de plus amples informations <a href=\"https:\/\/info.mycommerce.ch\/fr\/payrexx-dp\" target=\"_blank\" rel=\"noopener\">ici<\/a>.<\/p>\n<p><strong>Le saviez-vous ?<br \/>\n<\/strong>Selon l&rsquo;\u00e9tude*, plus de 60 % des clients suisses en ligne pr\u00e9f\u00e8rent effectuer leurs achats par carte de cr\u00e9dit.<\/p>\n<p><em>* Wunderman Thompson, \u00c9tude sur le commerce en ligne 2020<\/em><\/p>\n\t\t\t\t\t\t\t\t\t<\/div>\n\n\t\t\t\n\t\t\t<\/div>\n<\/div>\n\n\n\n<div style=\"height:36px\" aria-hidden=\"true\" class=\"wp-block-spacer\"><\/div>\n\n\n<div class=\"wp-block wp-block-logocontainer has-ls-creme-white-background-color\">\n\t<div class=\"wp-block-logocontainer-inner\">\n\n\t\t<div class=\"wp-block-logocontainer-inner__text\">\n\n\t\t\t\t\t\t\t<h2>Ouvert \u00e0 tous les fournisseurs de syst\u00e8mes.<\/h2>\n\t\t\t\n\t\t\t\t\t\t\t<p><p>MyCOMMERCE veut vous proposer la meilleure boutique qui soit. MyCOMMERCE est donc con\u00e7u de sorte que vous puissiez int\u00e9grer votre boutique et toutes ses fonctions \u00e0 des sites web d\u2019autres fournisseurs de syst\u00e8mes. Ouvert \u00e0 tous. 100% compatible.<\/p>\n<p>&nbsp;<\/p>\n<\/p>\n\t\t\t\n\t\t<\/div>\n\n\t\t<div class=\"wp-block-logocontainer-inner__logos\">\n\t\t\t<div class=\"swiper-logo-container\">\n\t\t\t\t<div class=\"swiper-wrapper\">\n\n\t\t\t\t\t\n\t\t\t\t\t\t<div class=\"swiper-slide\">\n\t\t\t\t\t\t\t\t\t\t\t\t\t\t\t<figure>\n\t\t\t\t\t\t\t\t\t<img decoding=\"async\" src=\"https:\/\/www.mycommerce.ch\/wp-content\/uploads\/2019\/12\/cms_logo_myWebsite_localsearch-1.png\" alt=\"MyWEBSITE by localsearch\" \/>\n\t\t\t\t\t\t\t\t\t<figcaption>MyWEBSITE by localsearch<\/figcaption>\n\t\t\t\t\t\t\t\t<\/figure>\n\t\t\t\t\t\t\t\t\t\t\t\t\t<\/div>\n\n\t\t\t\t\t\n\t\t\t\t\t\t<div class=\"swiper-slide\">\n\t\t\t\t\t\t\t\t\t\t\t\t\t\t\t<figure>\n\t\t\t\t\t\t\t\t\t<img decoding=\"async\" src=\"https:\/\/www.mycommerce.ch\/wp-content\/uploads\/2019\/12\/cms_logo_squarespace.jpg\" alt=\"Squarespace\" \/>\n\t\t\t\t\t\t\t\t\t<figcaption>Squarespace<\/figcaption>\n\t\t\t\t\t\t\t\t<\/figure>\n\t\t\t\t\t\t\t\t\t\t\t\t\t<\/div>\n\n\t\t\t\t\t\n\t\t\t\t\t\t<div class=\"swiper-slide\">\n\t\t\t\t\t\t\t\t\t\t\t\t\t\t\t<figure>\n\t\t\t\t\t\t\t\t\t<img decoding=\"async\" src=\"https:\/\/www.mycommerce.ch\/wp-content\/uploads\/2019\/11\/cms_logo_weebly.jpg\" alt=\"Weebly\" \/>\n\t\t\t\t\t\t\t\t\t<figcaption>Weebly<\/figcaption>\n\t\t\t\t\t\t\t\t<\/figure>\n\t\t\t\t\t\t\t\t\t\t\t\t\t<\/div>\n\n\t\t\t\t\t\n\t\t\t\t\t\t<div class=\"swiper-slide\">\n\t\t\t\t\t\t\t\t\t\t\t\t\t\t\t<figure>\n\t\t\t\t\t\t\t\t\t<img decoding=\"async\" src=\"https:\/\/www.mycommerce.ch\/wp-content\/uploads\/2019\/11\/cms_logo_wix.jpg\" alt=\"Wix\" \/>\n\t\t\t\t\t\t\t\t\t<figcaption>Wix<\/figcaption>\n\t\t\t\t\t\t\t\t<\/figure>\n\t\t\t\t\t\t\t\t\t\t\t\t\t<\/div>\n\n\t\t\t\t\t\n\t\t\t\t\t\t<div class=\"swiper-slide\">\n\t\t\t\t\t\t\t\t\t\t\t\t\t\t\t<figure>\n\t\t\t\t\t\t\t\t\t<img decoding=\"async\" src=\"https:\/\/www.mycommerce.ch\/wp-content\/uploads\/2019\/12\/cms_logo_wordpress.jpg\" alt=\"WordPress\" \/>\n\t\t\t\t\t\t\t\t\t<figcaption>WordPress<\/figcaption>\n\t\t\t\t\t\t\t\t<\/figure>\n\t\t\t\t\t\t\t\t\t\t\t\t\t<\/div>\n\n\t\t\t\t\t\n\t\t\t\t<\/div>\n\n\t\t\t\t<!-- Swiper controls -->\n\t\t\t\t<div class=\"swiper-pagination\"><\/div>\n\t\t\t\t<div class=\"swiper-button-prev\"><\/div>\n\t\t\t\t<div class=\"swiper-button-next\"><\/div>\n\n\t\t\t<\/div>\n\t\t<\/div>\n\n\t\t<div class=\"wp-block-logocontainer-inner__text\">\n\n\t\t\t\t\t\t\t<p><p>&nbsp;<\/p>\n<p>Vous trouverez d\u2019autres fournisseurs <a href=\"https:\/\/www.help.mycommerce.ch\/verkaufen\/eigene-websites-und-sitebuilder\/liste-der-website-anbieter-und-cms\">ici<\/a>.<\/p>\n<\/p>\n\t\t\t\n\t\t<\/div>\n\n\t<\/div>\n\n<\/div>\n\n\n\n<div style=\"height:36px\" aria-hidden=\"true\" class=\"wp-block-spacer\"><\/div>\n\n\n<div class=\"wp-block wp-block-textwithimages has-ls-creme-white-background-color\">\n\t<div class=\"wp-block-textwithimages-inner left-aligned\">\n\t\t\t\t\t<!-- LEFT ALIGNMENT -->\n\t\t\t\n\t\t\t\t<div class=\"wp-block-textwithimages-inner__text\">\n\n\t\t\t\t\t\t\t\t\t\t\t<h2 class=\"block-editor-rich-text__editable editor-rich-text__editable\" role=\"textbox\" contenteditable=\"true\" aria-multiline=\"true\" data-is-placeholder-visible=\"false\" aria-label=\"Schreib eine \u00dcberschrift\u2026\" aria-autocomplete=\"list\">Bienvenue sur les plus grandes plateformes d\u2019e-commerce du monde.<\/h2>\n<p>Avec MyCOMMERCE, vous dirigez toutes les activit\u00e9s sur des plateformes telles qu\u2019Amazon et eBay depuis une console centrale. Vous g\u00e9rez donc vos produits de mani\u00e8re centralis\u00e9e depuis un seul endroit.<\/p>\n<p>Vous gagnez du temps pour l\u2019essentiel : vos relations clients.<\/p>\n\t\t\t\t\t\n\t\t\t\t<\/div>\n\n\t\t\t\t<div class=\"wp-block-textwithimages-inner__images\">\n\n\t\t\t\t\t\t\t\t\t\t\t\n\t\t\t\t\t\t\t\t\t\t\t\t\t\t<figure>\n\t\t\t\t\t\t\t\t<img decoding=\"async\" src=\"https:\/\/www.mycommerce.ch\/wp-content\/uploads\/2019\/11\/amazon_ebay_logo-1.png\" alt=\"\" \/>\n\t\t\t\t\t\t\t\t<figcaption><\/figcaption>\n\t\t\t\t\t\t\t<\/figure>\n\n\n\t\t\t\t\t\t\t\t\t\t\t\n\t\t\t\t<\/div>\n\n\t\t\t\t<!-- RIGHT ALIGNMENT -->\n\t\t\t\n\t\t\t<\/div>\n<\/div>\n\n\n\n<div style=\"height:36px\" aria-hidden=\"true\" class=\"wp-block-spacer\"><\/div>\n\n\n\n<div style=\"height:36px\" aria-hidden=\"true\" class=\"wp-block-spacer\"><\/div>\n\n\n\n<h2 class=\"wp-block-heading\">Ouvrez maintenant votre boutique en ligne. De Free \u00e0 Professional.<\/h2>\n\n\n\n<p>Toutes les offres MyCOMMERCE incluent une boutique en ligne personnalisable, qui peut aussi ais\u00e9ment \u00eatre int\u00e9gr\u00e9e \u00e0 WordPress, Wix, MyWEBSITE, Facebook, Instagram et bien d\u2019autres plateformes.<\/p>\n\n\n\n<div style=\"height:36px\" aria-hidden=\"true\" class=\"wp-block-spacer\"><\/div>\n\n\n\n<div class=\"wp-block-button\"><a class=\"wp-block-button__link has-ls-shiny-red-background-color has-background\" href=\"https:\/\/www.mycommerce.ch\/fr\">Vers les offres<\/a><\/div>\n\n\n\n<p><\/p>\n","protected":false},"excerpt":{"rendered":"Avec MyCOMMERCE, vous d\u00e9cidez comment et o\u00f9 vous vendez. Sur votre site web, sur votre nouvelle page d\u2019accueil MyCOMMERCE ou sur les principales plateformes d\u2019e-commerce.","protected":false},"author":13,"featured_media":0,"parent":0,"menu_order":0,"comment_status":"closed","ping_status":"closed","template":"","meta":{"_acf_changed":false,"footnotes":""},"class_list":["post-2198","page","type-page","status-publish","hentry"],"acf":[],"yoast_head":"<!-- This site is optimized with the Yoast SEO plugin v27.5 - https:\/\/yoast.com\/product\/yoast-seo-wordpress\/ -->\n<title>Vendre simplement partout. - MyCommerce<\/title>\n<meta name=\"description\" content=\"Avec MyCOMMERCE, vous d\u00e9cidez comment et o\u00f9 vous vendez. Sur votre site web, sur votre nouvelle page d\u2019accueil ou sur les principales plateformes d\u2019e-commerce.\" \/>\n<meta name=\"robots\" content=\"index, follow, max-snippet:-1, max-image-preview:large, max-video-preview:-1\" \/>\n<link rel=\"canonical\" href=\"https:\/\/mycommerce.ch\/fr\/vendre-simplement-partout\/\" \/>\n<meta property=\"og:locale\" content=\"fr_FR\" \/>\n<meta property=\"og:type\" content=\"article\" \/>\n<meta property=\"og:title\" content=\"Vendre simplement partout. - MyCommerce\" \/>\n<meta property=\"og:description\" content=\"Avec MyCOMMERCE, vous d\u00e9cidez comment et o\u00f9 vous vendez. Sur votre site web, sur votre nouvelle page d\u2019accueil ou sur les principales plateformes d\u2019e-commerce.\" \/>\n<meta property=\"og:url\" content=\"https:\/\/mycommerce.ch\/fr\/vendre-simplement-partout\/\" \/>\n<meta property=\"og:site_name\" content=\"MyCommerce\" \/>\n<meta property=\"article:publisher\" content=\"https:\/\/www.facebook.com\/localsearch1\" \/>\n<meta property=\"article:modified_time\" content=\"2020-10-21T13:47:58+00:00\" \/>\n<meta property=\"og:image\" content=\"https:\/\/www.mycommerce.ch\/wp-content\/uploads\/2019\/07\/MyCOMMERCE_1200x630.png\" \/>\n\t<meta property=\"og:image:width\" content=\"1200\" \/>\n\t<meta property=\"og:image:height\" content=\"630\" \/>\n\t<meta property=\"og:image:type\" content=\"image\/png\" \/>\n<meta name=\"twitter:card\" content=\"summary_large_image\" \/>\n<script type=\"application\/ld+json\" class=\"yoast-schema-graph\">{\"@context\":\"https:\\\/\\\/schema.org\",\"@graph\":[{\"@type\":\"WebPage\",\"@id\":\"https:\\\/\\\/mycommerce.ch\\\/fr\\\/vendre-simplement-partout\\\/\",\"url\":\"https:\\\/\\\/mycommerce.ch\\\/fr\\\/vendre-simplement-partout\\\/\",\"name\":\"Vendre simplement partout. - MyCommerce\",\"isPartOf\":{\"@id\":\"https:\\\/\\\/mycommerce.ch\\\/#website\"},\"datePublished\":\"2019-12-18T11:09:18+00:00\",\"dateModified\":\"2020-10-21T13:47:58+00:00\",\"description\":\"Avec MyCOMMERCE, vous d\u00e9cidez comment et o\u00f9 vous vendez. Sur votre site web, sur votre nouvelle page d\u2019accueil ou sur les principales plateformes d\u2019e-commerce.\",\"breadcrumb\":{\"@id\":\"https:\\\/\\\/mycommerce.ch\\\/fr\\\/vendre-simplement-partout\\\/#breadcrumb\"},\"inLanguage\":\"fr-FR\",\"potentialAction\":[{\"@type\":\"ReadAction\",\"target\":[\"https:\\\/\\\/mycommerce.ch\\\/fr\\\/vendre-simplement-partout\\\/\"]}]},{\"@type\":\"BreadcrumbList\",\"@id\":\"https:\\\/\\\/mycommerce.ch\\\/fr\\\/vendre-simplement-partout\\\/#breadcrumb\",\"itemListElement\":[{\"@type\":\"ListItem\",\"position\":1,\"name\":\"Startseite\",\"item\":\"https:\\\/\\\/www.mycommerce.ch\\\/fr\\\/\"},{\"@type\":\"ListItem\",\"position\":2,\"name\":\"Vendre simplement partout.\"}]},{\"@type\":\"WebSite\",\"@id\":\"https:\\\/\\\/mycommerce.ch\\\/#website\",\"url\":\"https:\\\/\\\/mycommerce.ch\\\/\",\"name\":\"MyCOMMERCE - Erstellen Sie Ihren eigenen Oline Shop\",\"description\":\"by Localsearch\",\"publisher\":{\"@id\":\"https:\\\/\\\/mycommerce.ch\\\/#organization\"},\"potentialAction\":[{\"@type\":\"SearchAction\",\"target\":{\"@type\":\"EntryPoint\",\"urlTemplate\":\"https:\\\/\\\/mycommerce.ch\\\/?s={search_term_string}\"},\"query-input\":{\"@type\":\"PropertyValueSpecification\",\"valueRequired\":true,\"valueName\":\"search_term_string\"}}],\"inLanguage\":\"fr-FR\"},{\"@type\":\"Organization\",\"@id\":\"https:\\\/\\\/mycommerce.ch\\\/#organization\",\"name\":\"localsearch\",\"url\":\"https:\\\/\\\/mycommerce.ch\\\/\",\"logo\":{\"@type\":\"ImageObject\",\"inLanguage\":\"fr-FR\",\"@id\":\"https:\\\/\\\/mycommerce.ch\\\/#\\\/schema\\\/logo\\\/image\\\/\",\"url\":\"https:\\\/\\\/www.mycommerce.ch\\\/wp-content\\\/uploads\\\/2019\\\/07\\\/localsearch_logo_left_RGB7.png\",\"contentUrl\":\"https:\\\/\\\/www.mycommerce.ch\\\/wp-content\\\/uploads\\\/2019\\\/07\\\/localsearch_logo_left_RGB7.png\",\"width\":2560,\"height\":1100,\"caption\":\"localsearch\"},\"image\":{\"@id\":\"https:\\\/\\\/mycommerce.ch\\\/#\\\/schema\\\/logo\\\/image\\\/\"},\"sameAs\":[\"https:\\\/\\\/www.facebook.com\\\/localsearch1\",\"https:\\\/\\\/www.instagram.com\\\/mycommerce.ch\\\/\",\"https:\\\/\\\/www.linkedin.com\\\/company\\\/localsearch1\\\/\"]}]}<\/script>\n<!-- \/ Yoast SEO plugin. -->","yoast_head_json":{"title":"Vendre simplement partout. - MyCommerce","description":"Avec MyCOMMERCE, vous d\u00e9cidez comment et o\u00f9 vous vendez. Sur votre site web, sur votre nouvelle page d\u2019accueil ou sur les principales plateformes d\u2019e-commerce.","robots":{"index":"index","follow":"follow","max-snippet":"max-snippet:-1","max-image-preview":"max-image-preview:large","max-video-preview":"max-video-preview:-1"},"canonical":"https:\/\/mycommerce.ch\/fr\/vendre-simplement-partout\/","og_locale":"fr_FR","og_type":"article","og_title":"Vendre simplement partout. - MyCommerce","og_description":"Avec MyCOMMERCE, vous d\u00e9cidez comment et o\u00f9 vous vendez. Sur votre site web, sur votre nouvelle page d\u2019accueil ou sur les principales plateformes d\u2019e-commerce.","og_url":"https:\/\/mycommerce.ch\/fr\/vendre-simplement-partout\/","og_site_name":"MyCommerce","article_publisher":"https:\/\/www.facebook.com\/localsearch1","article_modified_time":"2020-10-21T13:47:58+00:00","og_image":[{"width":1200,"height":630,"url":"https:\/\/www.mycommerce.ch\/wp-content\/uploads\/2019\/07\/MyCOMMERCE_1200x630.png","type":"image\/png"}],"twitter_card":"summary_large_image","schema":{"@context":"https:\/\/schema.org","@graph":[{"@type":"WebPage","@id":"https:\/\/mycommerce.ch\/fr\/vendre-simplement-partout\/","url":"https:\/\/mycommerce.ch\/fr\/vendre-simplement-partout\/","name":"Vendre simplement partout. - MyCommerce","isPartOf":{"@id":"https:\/\/mycommerce.ch\/#website"},"datePublished":"2019-12-18T11:09:18+00:00","dateModified":"2020-10-21T13:47:58+00:00","description":"Avec MyCOMMERCE, vous d\u00e9cidez comment et o\u00f9 vous vendez. Sur votre site web, sur votre nouvelle page d\u2019accueil ou sur les principales plateformes d\u2019e-commerce.","breadcrumb":{"@id":"https:\/\/mycommerce.ch\/fr\/vendre-simplement-partout\/#breadcrumb"},"inLanguage":"fr-FR","potentialAction":[{"@type":"ReadAction","target":["https:\/\/mycommerce.ch\/fr\/vendre-simplement-partout\/"]}]},{"@type":"BreadcrumbList","@id":"https:\/\/mycommerce.ch\/fr\/vendre-simplement-partout\/#breadcrumb","itemListElement":[{"@type":"ListItem","position":1,"name":"Startseite","item":"https:\/\/www.mycommerce.ch\/fr\/"},{"@type":"ListItem","position":2,"name":"Vendre simplement partout."}]},{"@type":"WebSite","@id":"https:\/\/mycommerce.ch\/#website","url":"https:\/\/mycommerce.ch\/","name":"MyCOMMERCE - Erstellen Sie Ihren eigenen Oline Shop","description":"by Localsearch","publisher":{"@id":"https:\/\/mycommerce.ch\/#organization"},"potentialAction":[{"@type":"SearchAction","target":{"@type":"EntryPoint","urlTemplate":"https:\/\/mycommerce.ch\/?s={search_term_string}"},"query-input":{"@type":"PropertyValueSpecification","valueRequired":true,"valueName":"search_term_string"}}],"inLanguage":"fr-FR"},{"@type":"Organization","@id":"https:\/\/mycommerce.ch\/#organization","name":"localsearch","url":"https:\/\/mycommerce.ch\/","logo":{"@type":"ImageObject","inLanguage":"fr-FR","@id":"https:\/\/mycommerce.ch\/#\/schema\/logo\/image\/","url":"https:\/\/www.mycommerce.ch\/wp-content\/uploads\/2019\/07\/localsearch_logo_left_RGB7.png","contentUrl":"https:\/\/www.mycommerce.ch\/wp-content\/uploads\/2019\/07\/localsearch_logo_left_RGB7.png","width":2560,"height":1100,"caption":"localsearch"},"image":{"@id":"https:\/\/mycommerce.ch\/#\/schema\/logo\/image\/"},"sameAs":["https:\/\/www.facebook.com\/localsearch1","https:\/\/www.instagram.com\/mycommerce.ch\/","https:\/\/www.linkedin.com\/company\/localsearch1\/"]}]}},"_links":{"self":[{"href":"https:\/\/www.mycommerce.ch\/fr\/wp-json\/wp\/v2\/pages\/2198","targetHints":{"allow":["GET"]}}],"collection":[{"href":"https:\/\/www.mycommerce.ch\/fr\/wp-json\/wp\/v2\/pages"}],"about":[{"href":"https:\/\/www.mycommerce.ch\/fr\/wp-json\/wp\/v2\/types\/page"}],"author":[{"embeddable":true,"href":"https:\/\/www.mycommerce.ch\/fr\/wp-json\/wp\/v2\/users\/13"}],"replies":[{"embeddable":true,"href":"https:\/\/www.mycommerce.ch\/fr\/wp-json\/wp\/v2\/comments?post=2198"}],"version-history":[{"count":0,"href":"https:\/\/www.mycommerce.ch\/fr\/wp-json\/wp\/v2\/pages\/2198\/revisions"}],"wp:attachment":[{"href":"https:\/\/www.mycommerce.ch\/fr\/wp-json\/wp\/v2\/media?parent=2198"}],"curies":[{"name":"wp","href":"https:\/\/api.w.org\/{rel}","templated":true}]}}