{"id":2189,"date":"2019-12-18T11:19:07","date_gmt":"2019-12-18T10:19:07","guid":{"rendered":"https:\/\/www.mycommerce.ch\/?page_id=2189"},"modified":"2020-01-30T15:22:35","modified_gmt":"2020-01-30T14:22:35","slug":"ouvri-facilement-une-boutique-en-ligne","status":"publish","type":"page","link":"https:\/\/www.mycommerce.ch\/fr\/ouvri-facilement-une-boutique-en-ligne\/","title":{"rendered":"Ouvrir facilement une boutique en ligne."},"content":{"rendered":"\n<h2 class=\"wp-block-heading\"><strong>Votre boutique, votre design.<\/strong><\/h2>\n\n\n\n<p> Vous ne voudriez pas n&rsquo;importe quel shop, non ?  MyCOMMERCE vous propose une s\u00e9lection de plus de 30 th\u00e8mes attrayants pour r\u00e9pondre avec flexibilit\u00e9 \u00e0 vos attentes. Le responsive design permet aussi un affichage parfait de votre boutique en version mobile.<\/p>\n\n\n\r\n\r\n    \r\n    <div class=\"swiper-container\"\r\n        data-slider='swiperSlider1640'\r\n        data-general='{\"initialSlide\":14,\"direction\":\"horizontal\",\"speed\":300,\"autoHeight\":false,\"effect\":\"coverflow\",\"slidesPerView\":3,\"slidesPerColumn\":1,\"spaceBetween\":0}'\r\n        data-autoplay='{\"delay\":3000,\"stopOnLastSlide\":false,\"disableOnInteraction\":true,\"reverseDirection\":false,\"waitForTransition\":true}'\r\n        data-pagination='false'\r\n        data-navigation='{\"nextEl\":\".swiper-button-next\",\"prevEl\":\".swiper-button-prev\",\"disabledClass\":\"swiper-button-disabled\",\"hiddenClass\":\"swiper-button-hidden\"}'\r\n        data-breakpoints='{\"320\":{\"slidesPerView\":1},\"480\":{\"slidesPerView\":1},\"640\":{\"slidesPerView\":3},\"768\":{\"slidesPerView\":3},\"980\":{\"slidesPerView\":3},\"1024\":{\"slidesPerView\":3}}'>\r\n        <div class=\"swiper-wrapper\">\r\n                                                <div class=\"swiper-slide\">\r\n                        <img decoding=\"async\" class=\"image-preview\" src=\"https:\/\/www.mycommerce.ch\/wp-content\/uploads\/2019\/11\/01-mochiato.jpg\">\r\n                    <\/div>\r\n                                    <div class=\"swiper-slide\">\r\n                        <img decoding=\"async\" class=\"image-preview\" src=\"https:\/\/www.mycommerce.ch\/wp-content\/uploads\/2019\/11\/02-organic-soap.jpg\">\r\n                    <\/div>\r\n                                    <div class=\"swiper-slide\">\r\n                        <img decoding=\"async\" class=\"image-preview\" src=\"https:\/\/www.mycommerce.ch\/wp-content\/uploads\/2019\/11\/03-teen-fashion.jpg\">\r\n                    <\/div>\r\n                                    <div class=\"swiper-slide\">\r\n                        <img decoding=\"async\" class=\"image-preview\" src=\"https:\/\/www.mycommerce.ch\/wp-content\/uploads\/2019\/11\/04-scandinavian.jpg\">\r\n                    <\/div>\r\n                                    <div class=\"swiper-slide\">\r\n                        <img decoding=\"async\" class=\"image-preview\" src=\"https:\/\/www.mycommerce.ch\/wp-content\/uploads\/2019\/11\/05-dinner-wine.jpg\">\r\n                    <\/div>\r\n                                    <div class=\"swiper-slide\">\r\n                        <img decoding=\"async\" class=\"image-preview\" src=\"https:\/\/www.mycommerce.ch\/wp-content\/uploads\/2019\/11\/06-adventure.jpg\">\r\n                    <\/div>\r\n                                    <div class=\"swiper-slide\">\r\n                        <img decoding=\"async\" class=\"image-preview\" src=\"https:\/\/www.mycommerce.ch\/wp-content\/uploads\/2019\/11\/07-jane-smith.jpg\">\r\n                    <\/div>\r\n                                    <div class=\"swiper-slide\">\r\n                        <img decoding=\"async\" class=\"image-preview\" src=\"https:\/\/www.mycommerce.ch\/wp-content\/uploads\/2019\/11\/08-sunglasses.jpg\">\r\n                    <\/div>\r\n                                    <div class=\"swiper-slide\">\r\n                        <img decoding=\"async\" class=\"image-preview\" src=\"https:\/\/www.mycommerce.ch\/wp-content\/uploads\/2019\/11\/09-hand-candy.jpg\">\r\n                    <\/div>\r\n                                    <div class=\"swiper-slide\">\r\n                        <img decoding=\"async\" class=\"image-preview\" src=\"https:\/\/www.mycommerce.ch\/wp-content\/uploads\/2019\/11\/10-happy-skin.jpg\">\r\n                    <\/div>\r\n                                    <div class=\"swiper-slide\">\r\n                        <img decoding=\"async\" class=\"image-preview\" src=\"https:\/\/www.mycommerce.ch\/wp-content\/uploads\/2019\/11\/11-mindfulness.jpg\">\r\n                    <\/div>\r\n                                    <div class=\"swiper-slide\">\r\n                        <img decoding=\"async\" class=\"image-preview\" src=\"https:\/\/www.mycommerce.ch\/wp-content\/uploads\/2019\/11\/12-wedding-memories.jpg\">\r\n                    <\/div>\r\n                                    <div class=\"swiper-slide\">\r\n                        <img decoding=\"async\" class=\"image-preview\" src=\"https:\/\/www.mycommerce.ch\/wp-content\/uploads\/2019\/11\/13-happiness-delivered.jpg\">\r\n                    <\/div>\r\n                                    <div class=\"swiper-slide\">\r\n                        <img decoding=\"async\" class=\"image-preview\" src=\"https:\/\/www.mycommerce.ch\/wp-content\/uploads\/2019\/11\/14-foody-goody.jpg\">\r\n                    <\/div>\r\n                                    <div class=\"swiper-slide\">\r\n                        <img decoding=\"async\" class=\"image-preview\" src=\"https:\/\/www.mycommerce.ch\/wp-content\/uploads\/2019\/11\/15-shared-space.jpg\">\r\n                    <\/div>\r\n                                    <div class=\"swiper-slide\">\r\n                        <img decoding=\"async\" class=\"image-preview\" src=\"https:\/\/www.mycommerce.ch\/wp-content\/uploads\/2019\/11\/16-floral-wreath.jpg\">\r\n                    <\/div>\r\n                                    <div class=\"swiper-slide\">\r\n                        <img decoding=\"async\" class=\"image-preview\" src=\"https:\/\/www.mycommerce.ch\/wp-content\/uploads\/2019\/11\/17-soul-pieces.jpg\">\r\n                    <\/div>\r\n                                    <div class=\"swiper-slide\">\r\n                        <img decoding=\"async\" class=\"image-preview\" src=\"https:\/\/www.mycommerce.ch\/wp-content\/uploads\/2019\/11\/18-handcrafted-pottery.jpg\">\r\n                    <\/div>\r\n                                    <div class=\"swiper-slide\">\r\n                        <img decoding=\"async\" class=\"image-preview\" src=\"https:\/\/www.mycommerce.ch\/wp-content\/uploads\/2019\/11\/19-other-stories.jpg\">\r\n                    <\/div>\r\n                                    <div class=\"swiper-slide\">\r\n                        <img decoding=\"async\" class=\"image-preview\" src=\"https:\/\/www.mycommerce.ch\/wp-content\/uploads\/2019\/11\/20-unique-live-documentary.jpg\">\r\n                    <\/div>\r\n                                    <div class=\"swiper-slide\">\r\n                        <img decoding=\"async\" class=\"image-preview\" src=\"https:\/\/www.mycommerce.ch\/wp-content\/uploads\/2019\/11\/21-free-your-mind.jpg\">\r\n                    <\/div>\r\n                                    <div class=\"swiper-slide\">\r\n                        <img decoding=\"async\" class=\"image-preview\" src=\"https:\/\/www.mycommerce.ch\/wp-content\/uploads\/2019\/11\/22-just-rouge.jpg\">\r\n                    <\/div>\r\n                                    <div class=\"swiper-slide\">\r\n                        <img decoding=\"async\" class=\"image-preview\" src=\"https:\/\/www.mycommerce.ch\/wp-content\/uploads\/2019\/11\/23-wearel.jpg\">\r\n                    <\/div>\r\n                                    <div class=\"swiper-slide\">\r\n                        <img decoding=\"async\" class=\"image-preview\" src=\"https:\/\/www.mycommerce.ch\/wp-content\/uploads\/2019\/11\/24-lyveliness.jpg\">\r\n                    <\/div>\r\n                                    <div class=\"swiper-slide\">\r\n                        <img decoding=\"async\" class=\"image-preview\" src=\"https:\/\/www.mycommerce.ch\/wp-content\/uploads\/2019\/11\/25-partyly.jpg\">\r\n                    <\/div>\r\n                                    <div class=\"swiper-slide\">\r\n                        <img decoding=\"async\" class=\"image-preview\" src=\"https:\/\/www.mycommerce.ch\/wp-content\/uploads\/2019\/11\/26-matteq.jpg\">\r\n                    <\/div>\r\n                                    <div class=\"swiper-slide\">\r\n                        <img decoding=\"async\" class=\"image-preview\" src=\"https:\/\/www.mycommerce.ch\/wp-content\/uploads\/2019\/11\/27-kustodia.jpg\">\r\n                    <\/div>\r\n                                    <div class=\"swiper-slide\">\r\n                        <img decoding=\"async\" class=\"image-preview\" src=\"https:\/\/www.mycommerce.ch\/wp-content\/uploads\/2019\/11\/28-lilly-wood.jpg\">\r\n                    <\/div>\r\n                                    <div class=\"swiper-slide\">\r\n                        <img decoding=\"async\" class=\"image-preview\" src=\"https:\/\/www.mycommerce.ch\/wp-content\/uploads\/2019\/11\/29-gallery.jpg\">\r\n                    <\/div>\r\n                                    <div class=\"swiper-slide\">\r\n                        <img decoding=\"async\" class=\"image-preview\" src=\"https:\/\/www.mycommerce.ch\/wp-content\/uploads\/2019\/11\/30-light-it-up.jpg\">\r\n                    <\/div>\r\n                                    <\/div>\r\n\r\n        \r\n\r\n        \r\n                    <div class=\"swiper-button-prev\"><\/div>\r\n            <div class=\"swiper-button-next\"><\/div>\r\n            <\/div>\r\n\r\n        \r\n \r\n\n\n\n\n<div style=\"height:36px\" aria-hidden=\"true\" class=\"wp-block-spacer\"><\/div>\n\n\n<div class=\"wp-block wp-block-cta-button align-center\">\n\t\t\t<div class=\"cta-button-container\">\n\t\t\t<a href=\"https:\/\/demo-fr.mycommerce.shop\/\"\n\t\t\t\tclass=\"button red\"\n\t\t\t\tdata-gtm_action=\"\"\n\t\t\t\tdata-gtm_category=\"\"\n\t\t\t\tdata-gtm_label=\"\"\n\t\t\t\tdata-gtm_value=\"\">Vers la boutique de d\u00e9monstration <\/a>\n\t\t<\/div>\n\t<\/div>\n\n\n\n<div style=\"height:60px\" aria-hidden=\"true\" class=\"wp-block-spacer\"><\/div>\n\n\n<div class=\"wp-block wp-block-textwithimages has-ls-creme-white-background-color\">\n\t<div class=\"wp-block-textwithimages-inner left-aligned\">\n\t\t\t\t\t<!-- LEFT ALIGNMENT -->\n\t\t\t\n\t\t\t\t<div class=\"wp-block-textwithimages-inner__text\">\n\n\t\t\t\t\t\t\t\t\t\t\t<h3>Pas de connaissances techniques ? Pas de probl\u00e8me.<\/h3>\n<p>MyCOMMERCE ne n\u00e9cessite ni connaissances informatiques, ni \u00e9tudes en design. Vous am\u00e9nagez votre boutique simplement et intuitivement depuis le module d\u2019\u00e9dition et \u00e0 l\u2019aide d\u2019une assistance conviviale.<\/p>\n\t\t\t\t\t\n\t\t\t\t<\/div>\n\n\t\t\t\t<div class=\"wp-block-textwithimages-inner__images\">\n\n\t\t\t\t\t\t\t\t\t\t\t\n\t\t\t\t\t\t\t\t\t\t\t\t\t\t<figure>\n\t\t\t\t\t\t\t\t<img decoding=\"async\" src=\"https:\/\/www.mycommerce.ch\/wp-content\/uploads\/2019\/12\/M3_Einrichtungsassistent_FR.png\" alt=\"\" \/>\n\t\t\t\t\t\t\t\t<figcaption><\/figcaption>\n\t\t\t\t\t\t\t<\/figure>\n\n\n\t\t\t\t\t\t\t\t\t\t\t\n\t\t\t\t<\/div>\n\n\t\t\t\t<!-- RIGHT ALIGNMENT -->\n\t\t\t\n\t\t\t<\/div>\n<\/div>\n\n\n\n<div style=\"height:36px\" aria-hidden=\"true\" class=\"wp-block-spacer\"><\/div>\n\n\n<div class=\"wp-block wp-block-textwithimages has-ls-creme-white-background-color\">\n\t<div class=\"wp-block-textwithimages-inner \">\n\t\t\t\t\t<!-- LEFT ALIGNMENT -->\n\t\t\t\n\t\t\t\t<div class=\"wp-block-textwithimages-inner__images\">\n\n\t\t\t\t\t\t\t\t\t\t\t\n\t\t\t\t\t\t\t\t\t\t\t\t\t\t<figure>\n\t\t\t\t\t\t\t\t<img decoding=\"async\" src=\"https:\/\/www.mycommerce.ch\/wp-content\/uploads\/2019\/12\/M4_Artikel_erfassen_FR.jpg\" alt=\"\" \/>\n\t\t\t\t\t\t\t\t<figcaption><\/figcaption>\n\t\t\t\t\t\t\t<\/figure>\n\n\t\t\t\t\t\t\t\t\t\t\t\n\t\t\t\t<\/div>\n\n\t\t\t\t<div class=\"wp-block-textwithimages-inner__text\">\n\t\t\t\t\t\t\t\t\t\t\t<h3>Enregistrement simple et rapide des articles.<\/h3>\n<p>Avec MyCOMMERCE, vous enregistrez vos produits simplement, \u00e0 tout moment et de partout, qu\u2019il s\u2019agisse de photos d\u2019articles, d\u2019informations compl\u00e9mentaires, de descriptions individuelles ou de stocks de marchandises.<\/p>\n\t\t\t\t\t\t\t\t\t<\/div>\n\n\t\t\t\n\t\t\t<\/div>\n<\/div>\n\n\n\n<div style=\"height:36px\" aria-hidden=\"true\" class=\"wp-block-spacer\"><\/div>\n\n\n<div class=\"wp-block wp-block-textwithimages has-ls-creme-white-background-color\">\n\t<div class=\"wp-block-textwithimages-inner left-aligned\">\n\t\t\t\t\t<!-- LEFT ALIGNMENT -->\n\t\t\t\n\t\t\t\t<div class=\"wp-block-textwithimages-inner__text\">\n\n\t\t\t\t\t\t\t\t\t\t\t<h3>Quelques fonctions de MyCOMMERCE\u00a0:<\/h3>\n<ul>\n<li>Modifier, compl\u00e9ter et r\u00e9organiser \u00e0 tout moment les produits<\/li>\n<li>Importation automatique des articles par fichier CSV<\/li>\n<li>Vente de produits num\u00e9riques avec option de t\u00e9l\u00e9chargement<\/li>\n<\/ul>\n<p>&nbsp;<\/p>\n\t\t\t\t\t\n\t\t\t\t<\/div>\n\n\t\t\t\t<div class=\"wp-block-textwithimages-inner__images\">\n\n\t\t\t\t\t\t\t\t\t\t\t\n\t\t\t\t\t\t\t<div class=\"swiper-custom-container\">\n\t\t\t\t\t\t\t\t<div class=\"swiper-wrapper\">\n\t\t\t\t\t\t\t\t\t\t\t\t\t\t\t\t\t\t\t<div class=\"swiper-slide\">\n\t\t\t\t\t\t\t\t\t\t\t<figure>\n\t\t\t\t\t\t\t\t\t\t\t\t<img decoding=\"async\" src=\"https:\/\/www.mycommerce.ch\/wp-content\/uploads\/2019\/12\/M4_Reihenfolge_FR.jpg\" alt=\"Modifier, compl\u00e9ter et r\u00e9organiser \u00e0 tout moment les produits\" \/>\n\t\t\t\t\t\t\t\t\t\t\t\t<figcaption>Modifier, compl\u00e9ter et r\u00e9organiser \u00e0 tout moment les produits<\/figcaption>\n\t\t\t\t\t\t\t\t\t\t\t<\/figure>\n\t\t\t\t\t\t\t\t\t\t<\/div>\n\t\t\t\t\t\t\t\t\t\t\t\t\t\t\t\t\t\t\t<div class=\"swiper-slide\">\n\t\t\t\t\t\t\t\t\t\t\t<figure>\n\t\t\t\t\t\t\t\t\t\t\t\t<img decoding=\"async\" src=\"https:\/\/www.mycommerce.ch\/wp-content\/uploads\/2019\/12\/M4_CSV_Import.jpg\" alt=\"Importation automatique des articles par fichier CSV\" \/>\n\t\t\t\t\t\t\t\t\t\t\t\t<figcaption>Importation automatique des articles par fichier CSV<\/figcaption>\n\t\t\t\t\t\t\t\t\t\t\t<\/figure>\n\t\t\t\t\t\t\t\t\t\t<\/div>\n\t\t\t\t\t\t\t\t\t\t\t\t\t\t\t\t\t\t\t<div class=\"swiper-slide\">\n\t\t\t\t\t\t\t\t\t\t\t<figure>\n\t\t\t\t\t\t\t\t\t\t\t\t<img decoding=\"async\" src=\"https:\/\/www.mycommerce.ch\/wp-content\/uploads\/2019\/12\/M4_Verkauf_digitaler_Produkte.jpg\" alt=\"Vente de produits num\u00e9riques avec option de t\u00e9l\u00e9chargement\" \/>\n\t\t\t\t\t\t\t\t\t\t\t\t<figcaption>Vente de produits num\u00e9riques avec option de t\u00e9l\u00e9chargement<\/figcaption>\n\t\t\t\t\t\t\t\t\t\t\t<\/figure>\n\t\t\t\t\t\t\t\t\t\t<\/div>\n\t\t\t\t\t\t\t\t\t\t\t\t\t\t\t\t\t<\/div>\n\t\t\t\t\t\t\t\t<!-- Swiper controls -->\n\t\t\t\t\t\t\t\t<div class=\"swiper-pagination\"><\/div>\n\t\t\t\t\t\t\t\t<div class=\"swiper-button-prev\"><\/div>\n\t\t\t\t\t\t\t\t<div class=\"swiper-button-next\"><\/div>\n\t\t\t\t\t\t\t<\/div>\n\n\t\t\t\t\t\t\t\t\t\t\t\n\t\t\t\t<\/div>\n\n\t\t\t\t<!-- RIGHT ALIGNMENT -->\n\t\t\t\n\t\t\t<\/div>\n<\/div>\n\n\n\n<div style=\"height:36px\" aria-hidden=\"true\" class=\"wp-block-spacer\"><\/div>\n\n\n<div class=\"wp-block wp-block-textwithimages has-ls-creme-white-background-color\">\n\t<div class=\"wp-block-textwithimages-inner \">\n\t\t\t\t\t<!-- LEFT ALIGNMENT -->\n\t\t\t\n\t\t\t\t<div class=\"wp-block-textwithimages-inner__images\">\n\n\t\t\t\t\t\t\t\t\t\t\t\n\t\t\t\t\t\t\t\t\t\t\t\t\t\t<figure>\n\t\t\t\t\t\t\t\t<img decoding=\"async\" src=\"https:\/\/www.mycommerce.ch\/wp-content\/uploads\/2019\/12\/M5_Domains_FR.jpg\" alt=\"\" \/>\n\t\t\t\t\t\t\t\t<figcaption><\/figcaption>\n\t\t\t\t\t\t\t<\/figure>\n\n\t\t\t\t\t\t\t\t\t\t\t\n\t\t\t\t<\/div>\n\n\t\t\t\t<div class=\"wp-block-textwithimages-inner__text\">\n\t\t\t\t\t\t\t\t\t\t\t<h3>Avec ou sans domaine propre.<\/h3>\n<p>Chaque boutique MyCOMMERCE dispose d\u2019un sous-domaine int\u00e9gr\u00e9 gratuit pouvant \u00eatre personnalis\u00e9.<\/p>\n<p>Vous pouvez \u00e9galement enregistrer votre propre domaine aupr\u00e8s du fournisseur de votre choix et le lier \u00e0 MyCOMMERCE. Un domaine propre permet une meilleure indexation par les moteurs de recherche et une image plus forte de votre marque. Vous avez le choix.<\/p>\n\t\t\t\t\t\t\t\t\t<\/div>\n\n\t\t\t\n\t\t\t<\/div>\n<\/div>\n\n\n\n<p><\/p>\n\n\n\n<div style=\"height:36px\" aria-hidden=\"true\" class=\"wp-block-spacer\"><\/div>\n\n\n\n<h2 class=\"wp-block-heading\">Ouvrez maintenant votre boutique en ligne. De Free \u00e0 Professional.<\/h2>\n\n\n\n<p>Toutes les offres MyCOMMERCE incluent une boutique en ligne personnalisable, qui peut aussi ais\u00e9ment \u00eatre int\u00e9gr\u00e9e \u00e0 WordPress, Wix, MyWEBSITE, Facebook, Instagram et bien d\u2019autres plateformes.<\/p>\n\n\n\n<div style=\"height:36px\" aria-hidden=\"true\" class=\"wp-block-spacer\"><\/div>\n\n\n\n<div class=\"wp-block-button\"><a class=\"wp-block-button__link has-background has-ls-shiny-red-background-color\" href=\"https:\/\/www.mycommerce.ch\/fr\">Vers les offres<\/a><\/div>\n\n\n\n<p><\/p>\n","protected":false},"excerpt":{"rendered":"Avec MyCOMMERCE, il est encore plus facile d\u2019ouvrir sa propre boutique en ligne :\nchoisir le design, enregistrer les produits en quelques clics et les vendre ainsi dans toute la Suisse.","protected":false},"author":13,"featured_media":0,"parent":0,"menu_order":0,"comment_status":"closed","ping_status":"closed","template":"","meta":{"_acf_changed":false,"footnotes":""},"class_list":["post-2189","page","type-page","status-publish","hentry"],"acf":[],"yoast_head":"<!-- This site is optimized with the Yoast SEO plugin v27.4 - https:\/\/yoast.com\/product\/yoast-seo-wordpress\/ -->\n<title>Ouvrir facilement une boutique en ligne. - MyCommerce<\/title>\n<meta name=\"description\" content=\"MyCOMMERCE vous propose une s\u00e9lection de plus de 30 th\u00e8mes attrayants pour r\u00e9pondre avec flexibilit\u00e9 \u00e0 vos attentes.\" \/>\n<meta name=\"robots\" content=\"index, follow, max-snippet:-1, max-image-preview:large, max-video-preview:-1\" \/>\n<link rel=\"canonical\" href=\"https:\/\/mycommerce.ch\/fr\/ouvri-facilement-une-boutique-en-ligne\/\" \/>\n<meta property=\"og:locale\" content=\"fr_FR\" \/>\n<meta property=\"og:type\" content=\"article\" \/>\n<meta property=\"og:title\" content=\"Ouvrir facilement une boutique en ligne. - MyCommerce\" \/>\n<meta property=\"og:description\" content=\"MyCOMMERCE vous propose une s\u00e9lection de plus de 30 th\u00e8mes attrayants pour r\u00e9pondre avec flexibilit\u00e9 \u00e0 vos attentes.\" \/>\n<meta property=\"og:url\" content=\"https:\/\/mycommerce.ch\/fr\/ouvri-facilement-une-boutique-en-ligne\/\" \/>\n<meta property=\"og:site_name\" content=\"MyCommerce\" \/>\n<meta property=\"article:publisher\" content=\"https:\/\/www.facebook.com\/localsearch1\" \/>\n<meta property=\"article:modified_time\" content=\"2020-01-30T14:22:35+00:00\" \/>\n<meta property=\"og:image\" content=\"https:\/\/www.mycommerce.ch\/wp-content\/uploads\/2019\/07\/MyCOMMERCE_1200x630.png\" \/>\n\t<meta property=\"og:image:width\" content=\"1200\" \/>\n\t<meta property=\"og:image:height\" content=\"630\" \/>\n\t<meta property=\"og:image:type\" content=\"image\/png\" \/>\n<meta name=\"twitter:card\" content=\"summary_large_image\" \/>\n<script type=\"application\/ld+json\" class=\"yoast-schema-graph\">{\"@context\":\"https:\\\/\\\/schema.org\",\"@graph\":[{\"@type\":\"WebPage\",\"@id\":\"https:\\\/\\\/mycommerce.ch\\\/fr\\\/ouvri-facilement-une-boutique-en-ligne\\\/\",\"url\":\"https:\\\/\\\/mycommerce.ch\\\/fr\\\/ouvri-facilement-une-boutique-en-ligne\\\/\",\"name\":\"Ouvrir facilement une boutique en ligne. - MyCommerce\",\"isPartOf\":{\"@id\":\"https:\\\/\\\/mycommerce.ch\\\/#website\"},\"datePublished\":\"2019-12-18T10:19:07+00:00\",\"dateModified\":\"2020-01-30T14:22:35+00:00\",\"description\":\"MyCOMMERCE vous propose une s\u00e9lection de plus de 30 th\u00e8mes attrayants pour r\u00e9pondre avec flexibilit\u00e9 \u00e0 vos attentes.\",\"breadcrumb\":{\"@id\":\"https:\\\/\\\/mycommerce.ch\\\/fr\\\/ouvri-facilement-une-boutique-en-ligne\\\/#breadcrumb\"},\"inLanguage\":\"fr-FR\",\"potentialAction\":[{\"@type\":\"ReadAction\",\"target\":[\"https:\\\/\\\/mycommerce.ch\\\/fr\\\/ouvri-facilement-une-boutique-en-ligne\\\/\"]}]},{\"@type\":\"BreadcrumbList\",\"@id\":\"https:\\\/\\\/mycommerce.ch\\\/fr\\\/ouvri-facilement-une-boutique-en-ligne\\\/#breadcrumb\",\"itemListElement\":[{\"@type\":\"ListItem\",\"position\":1,\"name\":\"Startseite\",\"item\":\"https:\\\/\\\/www.mycommerce.ch\\\/fr\\\/\"},{\"@type\":\"ListItem\",\"position\":2,\"name\":\"Ouvrir facilement une boutique en ligne.\"}]},{\"@type\":\"WebSite\",\"@id\":\"https:\\\/\\\/mycommerce.ch\\\/#website\",\"url\":\"https:\\\/\\\/mycommerce.ch\\\/\",\"name\":\"MyCOMMERCE - Erstellen Sie Ihren eigenen Oline Shop\",\"description\":\"by Localsearch\",\"publisher\":{\"@id\":\"https:\\\/\\\/mycommerce.ch\\\/#organization\"},\"potentialAction\":[{\"@type\":\"SearchAction\",\"target\":{\"@type\":\"EntryPoint\",\"urlTemplate\":\"https:\\\/\\\/mycommerce.ch\\\/?s={search_term_string}\"},\"query-input\":{\"@type\":\"PropertyValueSpecification\",\"valueRequired\":true,\"valueName\":\"search_term_string\"}}],\"inLanguage\":\"fr-FR\"},{\"@type\":\"Organization\",\"@id\":\"https:\\\/\\\/mycommerce.ch\\\/#organization\",\"name\":\"localsearch\",\"url\":\"https:\\\/\\\/mycommerce.ch\\\/\",\"logo\":{\"@type\":\"ImageObject\",\"inLanguage\":\"fr-FR\",\"@id\":\"https:\\\/\\\/mycommerce.ch\\\/#\\\/schema\\\/logo\\\/image\\\/\",\"url\":\"https:\\\/\\\/www.mycommerce.ch\\\/wp-content\\\/uploads\\\/2019\\\/07\\\/localsearch_logo_left_RGB7.png\",\"contentUrl\":\"https:\\\/\\\/www.mycommerce.ch\\\/wp-content\\\/uploads\\\/2019\\\/07\\\/localsearch_logo_left_RGB7.png\",\"width\":2560,\"height\":1100,\"caption\":\"localsearch\"},\"image\":{\"@id\":\"https:\\\/\\\/mycommerce.ch\\\/#\\\/schema\\\/logo\\\/image\\\/\"},\"sameAs\":[\"https:\\\/\\\/www.facebook.com\\\/localsearch1\",\"https:\\\/\\\/www.instagram.com\\\/mycommerce.ch\\\/\",\"https:\\\/\\\/www.linkedin.com\\\/company\\\/localsearch1\\\/\"]}]}<\/script>\n<!-- \/ Yoast SEO plugin. -->","yoast_head_json":{"title":"Ouvrir facilement une boutique en ligne. - MyCommerce","description":"MyCOMMERCE vous propose une s\u00e9lection de plus de 30 th\u00e8mes attrayants pour r\u00e9pondre avec flexibilit\u00e9 \u00e0 vos attentes.","robots":{"index":"index","follow":"follow","max-snippet":"max-snippet:-1","max-image-preview":"max-image-preview:large","max-video-preview":"max-video-preview:-1"},"canonical":"https:\/\/mycommerce.ch\/fr\/ouvri-facilement-une-boutique-en-ligne\/","og_locale":"fr_FR","og_type":"article","og_title":"Ouvrir facilement une boutique en ligne. - MyCommerce","og_description":"MyCOMMERCE vous propose une s\u00e9lection de plus de 30 th\u00e8mes attrayants pour r\u00e9pondre avec flexibilit\u00e9 \u00e0 vos attentes.","og_url":"https:\/\/mycommerce.ch\/fr\/ouvri-facilement-une-boutique-en-ligne\/","og_site_name":"MyCommerce","article_publisher":"https:\/\/www.facebook.com\/localsearch1","article_modified_time":"2020-01-30T14:22:35+00:00","og_image":[{"width":1200,"height":630,"url":"https:\/\/www.mycommerce.ch\/wp-content\/uploads\/2019\/07\/MyCOMMERCE_1200x630.png","type":"image\/png"}],"twitter_card":"summary_large_image","schema":{"@context":"https:\/\/schema.org","@graph":[{"@type":"WebPage","@id":"https:\/\/mycommerce.ch\/fr\/ouvri-facilement-une-boutique-en-ligne\/","url":"https:\/\/mycommerce.ch\/fr\/ouvri-facilement-une-boutique-en-ligne\/","name":"Ouvrir facilement une boutique en ligne. - MyCommerce","isPartOf":{"@id":"https:\/\/mycommerce.ch\/#website"},"datePublished":"2019-12-18T10:19:07+00:00","dateModified":"2020-01-30T14:22:35+00:00","description":"MyCOMMERCE vous propose une s\u00e9lection de plus de 30 th\u00e8mes attrayants pour r\u00e9pondre avec flexibilit\u00e9 \u00e0 vos attentes.","breadcrumb":{"@id":"https:\/\/mycommerce.ch\/fr\/ouvri-facilement-une-boutique-en-ligne\/#breadcrumb"},"inLanguage":"fr-FR","potentialAction":[{"@type":"ReadAction","target":["https:\/\/mycommerce.ch\/fr\/ouvri-facilement-une-boutique-en-ligne\/"]}]},{"@type":"BreadcrumbList","@id":"https:\/\/mycommerce.ch\/fr\/ouvri-facilement-une-boutique-en-ligne\/#breadcrumb","itemListElement":[{"@type":"ListItem","position":1,"name":"Startseite","item":"https:\/\/www.mycommerce.ch\/fr\/"},{"@type":"ListItem","position":2,"name":"Ouvrir facilement une boutique en ligne."}]},{"@type":"WebSite","@id":"https:\/\/mycommerce.ch\/#website","url":"https:\/\/mycommerce.ch\/","name":"MyCOMMERCE - Erstellen Sie Ihren eigenen Oline Shop","description":"by Localsearch","publisher":{"@id":"https:\/\/mycommerce.ch\/#organization"},"potentialAction":[{"@type":"SearchAction","target":{"@type":"EntryPoint","urlTemplate":"https:\/\/mycommerce.ch\/?s={search_term_string}"},"query-input":{"@type":"PropertyValueSpecification","valueRequired":true,"valueName":"search_term_string"}}],"inLanguage":"fr-FR"},{"@type":"Organization","@id":"https:\/\/mycommerce.ch\/#organization","name":"localsearch","url":"https:\/\/mycommerce.ch\/","logo":{"@type":"ImageObject","inLanguage":"fr-FR","@id":"https:\/\/mycommerce.ch\/#\/schema\/logo\/image\/","url":"https:\/\/www.mycommerce.ch\/wp-content\/uploads\/2019\/07\/localsearch_logo_left_RGB7.png","contentUrl":"https:\/\/www.mycommerce.ch\/wp-content\/uploads\/2019\/07\/localsearch_logo_left_RGB7.png","width":2560,"height":1100,"caption":"localsearch"},"image":{"@id":"https:\/\/mycommerce.ch\/#\/schema\/logo\/image\/"},"sameAs":["https:\/\/www.facebook.com\/localsearch1","https:\/\/www.instagram.com\/mycommerce.ch\/","https:\/\/www.linkedin.com\/company\/localsearch1\/"]}]}},"_links":{"self":[{"href":"https:\/\/www.mycommerce.ch\/fr\/wp-json\/wp\/v2\/pages\/2189","targetHints":{"allow":["GET"]}}],"collection":[{"href":"https:\/\/www.mycommerce.ch\/fr\/wp-json\/wp\/v2\/pages"}],"about":[{"href":"https:\/\/www.mycommerce.ch\/fr\/wp-json\/wp\/v2\/types\/page"}],"author":[{"embeddable":true,"href":"https:\/\/www.mycommerce.ch\/fr\/wp-json\/wp\/v2\/users\/13"}],"replies":[{"embeddable":true,"href":"https:\/\/www.mycommerce.ch\/fr\/wp-json\/wp\/v2\/comments?post=2189"}],"version-history":[{"count":0,"href":"https:\/\/www.mycommerce.ch\/fr\/wp-json\/wp\/v2\/pages\/2189\/revisions"}],"wp:attachment":[{"href":"https:\/\/www.mycommerce.ch\/fr\/wp-json\/wp\/v2\/media?parent=2189"}],"curies":[{"name":"wp","href":"https:\/\/api.w.org\/{rel}","templated":true}]}}